{"id":1532,"date":"2017-10-09T14:19:12","date_gmt":"2017-10-09T12:19:12","guid":{"rendered":"https:\/\/www.oiartzoikastola.eus\/oiartzo-ikastola\/"},"modified":"2017-10-09T14:29:48","modified_gmt":"2017-10-09T12:29:48","slug":"oiartzo-ikastola","status":"publish","type":"page","link":"https:\/\/www.oiartzoikastola.eus\/es\/oiartzo-ikastola\/","title":{"rendered":"Oiartzo Ikastola"},"content":{"rendered":"<section  class='av_textblock_section av-av_textblock-0366cc7376be6c9e82a3e9cc8987b64f '   itemscope=\"itemscope\" itemtype=\"https:\/\/schema.org\/CreativeWork\" ><div class='avia_textblock'  itemprop=\"text\" ><h2>Oiartzo Ikastola<\/h2>\n<\/div><\/section>\n\n<style type=\"text\/css\" data-created_by=\"avia_inline_auto\" id=\"style-css-av-av_one_third-6126cab7d8fab8d08143dd2dacdf673c\">\n.flex_column.av-av_one_third-6126cab7d8fab8d08143dd2dacdf673c{\nborder-radius:0px 0px 0px 0px;\npadding:0px 0px 0px 0px;\n}\n<\/style>\n<div  class='flex_column av-av_one_third-6126cab7d8fab8d08143dd2dacdf673c av_one_third  avia-builder-el-1  el_after_av_textblock  el_before_av_one_third  first flex_column_div av-zero-column-padding  column-top-margin'     ><section  class='av_textblock_section av-av_textblock-0366cc7376be6c9e82a3e9cc8987b64f '   itemscope=\"itemscope\" itemtype=\"https:\/\/schema.org\/CreativeWork\" ><div class='avia_textblock'  itemprop=\"text\" ><h3>EUSKALDUNA<\/h3>\n<\/div><\/section><br \/>\n<section  class='av_textblock_section av-av_textblock-396ddf1f42196ca838231e61a4602801 '   itemscope=\"itemscope\" itemtype=\"https:\/\/schema.org\/CreativeWork\" ><div class='avia_textblock'  itemprop=\"text\" ><p><strong>Oiartzo Batxilergo Ikastola se fund\u00f3 para fomentar y transmitir el euskera y la cultura vasca.<\/strong> Por eso vivimos en euskera y la cultura e historia vascas est\u00e1n presentes en nuestra realidad cotidiana. Nuestro objetivo fundamental es preparar a la juventud para que la sociedad futura sea euskald\u00fan, sin olvidar el desarrollo del castellano, ingl\u00e9s y\/o franc\u00e9s.<\/p>\n<\/div><\/section><\/p><\/div>\n<style type=\"text\/css\" data-created_by=\"avia_inline_auto\" id=\"style-css-av-av_one_third-0aa7055fe62c3622faec82866afbaeb2\">\n.flex_column.av-av_one_third-0aa7055fe62c3622faec82866afbaeb2{\nborder-radius:0px 0px 0px 0px;\npadding:0px 0px 0px 0px;\n}\n<\/style>\n<div  class='flex_column av-av_one_third-0aa7055fe62c3622faec82866afbaeb2 av_one_third  avia-builder-el-4  el_after_av_one_third  el_before_av_one_third  flex_column_div av-zero-column-padding  column-top-margin'     ><section  class='av_textblock_section av-av_textblock-396ddf1f42196ca838231e61a4602801 '   itemscope=\"itemscope\" itemtype=\"https:\/\/schema.org\/CreativeWork\" ><div class='avia_textblock'  itemprop=\"text\" ><h3>EDUCACI\u00d3N DE CALIDAD<\/h3>\n<\/div><\/section><br \/>\n<section  class='av_textblock_section av-av_textblock-396ddf1f42196ca838231e61a4602801 '   itemscope=\"itemscope\" itemtype=\"https:\/\/schema.org\/CreativeWork\" ><div class='avia_textblock'  itemprop=\"text\" ><p>Oiartzo Batxilergo Ikastola proporciona una <strong>base s\u00f3lida para estudios superiores<\/strong> gracias a un claustro de profesores bien formado y con una gran experiencia. As\u00ed lo demuestran los resultados. Analizando los resultados de Selectividad, las notas de las ikastolas superan la media general, y las de Oiartzo est\u00e1n incluso por encima de las de las ikastolas.<\/p>\n<\/div><\/section><br \/>\n\n<style type=\"text\/css\" data-created_by=\"avia_inline_auto\" id=\"style-css-av-av_image-1f6f915684559acaee35fd855f73c3f8\">\n.avia-image-container.av-av_image-1f6f915684559acaee35fd855f73c3f8 img.avia_image{\nbox-shadow:none;\n}\n.avia-image-container.av-av_image-1f6f915684559acaee35fd855f73c3f8 .av-image-caption-overlay-center{\ncolor:#ffffff;\n}\n<\/style>\n<div  class='avia-image-container av-av_image-1f6f915684559acaee35fd855f73c3f8 av-styling- av-img-linked avia-align-center  avia-builder-el-7  el_after_av_textblock  avia-builder-el-last '   itemprop=\"image\" itemscope=\"itemscope\" itemtype=\"https:\/\/schema.org\/ImageObject\" ><div class=\"avia-image-container-inner\"><div class=\"avia-image-overlay-wrap\"><a href=\"https:\/\/www.oiartzoikastola.eus\/wp-content\/uploads\/2016\/10\/excel-1030x698.png\" data-srcset=\"https:\/\/www.oiartzoikastola.eus\/wp-content\/uploads\/2016\/10\/excel-1030x698.png 1030w, https:\/\/www.oiartzoikastola.eus\/wp-content\/uploads\/2016\/10\/excel-300x203.png 300w, https:\/\/www.oiartzoikastola.eus\/wp-content\/uploads\/2016\/10\/excel-768x520.png 768w, https:\/\/www.oiartzoikastola.eus\/wp-content\/uploads\/2016\/10\/excel-705x478.png 705w, https:\/\/www.oiartzoikastola.eus\/wp-content\/uploads\/2016\/10\/excel-450x305.png 450w, https:\/\/www.oiartzoikastola.eus\/wp-content\/uploads\/2016\/10\/excel.png 1129w\" data-sizes=\"(max-width: 1030px) 100vw, 1030px\" class='avia_image '  aria-label='KALITATEZKO HEZKUNTZA'><img decoding=\"async\" fetchpriority=\"high\" class='wp-image-680 avia-img-lazy-loading-not-680 avia_image ' src=\"https:\/\/www.oiartzoikastola.eus\/wp-content\/uploads\/2016\/10\/excel-1030x698.png\" alt='' title='KALITATEZKO HEZKUNTZA'  height=\"698\" width=\"1030\"  itemprop=\"thumbnailUrl\" srcset=\"https:\/\/www.oiartzoikastola.eus\/wp-content\/uploads\/2016\/10\/excel-1030x698.png 1030w, https:\/\/www.oiartzoikastola.eus\/wp-content\/uploads\/2016\/10\/excel-300x203.png 300w, https:\/\/www.oiartzoikastola.eus\/wp-content\/uploads\/2016\/10\/excel-768x520.png 768w, https:\/\/www.oiartzoikastola.eus\/wp-content\/uploads\/2016\/10\/excel-705x478.png 705w, https:\/\/www.oiartzoikastola.eus\/wp-content\/uploads\/2016\/10\/excel-450x305.png 450w, https:\/\/www.oiartzoikastola.eus\/wp-content\/uploads\/2016\/10\/excel.png 1129w\" sizes=\"(max-width: 1030px) 100vw, 1030px\" \/><\/a><\/div><\/div><\/div><\/p><\/div>\n<style type=\"text\/css\" data-created_by=\"avia_inline_auto\" id=\"style-css-av-av_one_third-0aa7055fe62c3622faec82866afbaeb2\">\n.flex_column.av-av_one_third-0aa7055fe62c3622faec82866afbaeb2{\nborder-radius:0px 0px 0px 0px;\npadding:0px 0px 0px 0px;\n}\n<\/style>\n<div  class='flex_column av-av_one_third-0aa7055fe62c3622faec82866afbaeb2 av_one_third  avia-builder-el-8  el_after_av_one_third  el_before_av_one_half  flex_column_div av-zero-column-padding  column-top-margin'     ><section  class='av_textblock_section av-av_textblock-396ddf1f42196ca838231e61a4602801 '   itemscope=\"itemscope\" itemtype=\"https:\/\/schema.org\/CreativeWork\" ><div class='avia_textblock'  itemprop=\"text\" ><h3>ORIENTACI\u00d3N PERSONALIZADA<\/h3>\n<\/div><\/section><br \/>\n<section  class='av_textblock_section av-av_textblock-396ddf1f42196ca838231e61a4602801 '   itemscope=\"itemscope\" itemtype=\"https:\/\/schema.org\/CreativeWork\" ><div class='avia_textblock'  itemprop=\"text\" ><p>Oiartzo Batxilergo Ikastola <strong>brinda a cada alumno una atenci\u00f3n individualizada<\/strong>; sobre todo en 2\u00ba curso, cuando debe tomar importantes decisiones sobre su futuro. Para eso el grupo de orientaci\u00f3n se ocupa de mantener entrevistas con todos los alumnos, de organizar visitas a los campus, de poner a disposici\u00f3n del alumnado informaci\u00f3n sobre grados y ciclos, y de guiarles y asesorarles en la importante decisi\u00f3n de elegir su futuro.<\/p>\n<\/div><\/section><\/p><\/div>\n<style type=\"text\/css\" data-created_by=\"avia_inline_auto\" id=\"style-css-av-av_one_half-6126cab7d8fab8d08143dd2dacdf673c\">\n.flex_column.av-av_one_half-6126cab7d8fab8d08143dd2dacdf673c{\nborder-radius:0px 0px 0px 0px;\npadding:0px 0px 0px 0px;\n}\n<\/style>\n<div  class='flex_column av-av_one_half-6126cab7d8fab8d08143dd2dacdf673c av_one_half  avia-builder-el-11  el_after_av_one_third  el_before_av_one_half  first flex_column_div av-zero-column-padding  column-top-margin'     ><section  class='av_textblock_section av-av_textblock-396ddf1f42196ca838231e61a4602801 '   itemscope=\"itemscope\" itemtype=\"https:\/\/schema.org\/CreativeWork\" ><div class='avia_textblock'  itemprop=\"text\" ><h3>NUEVAS TECNOLOG\u00cdAS<\/h3>\n<\/div><\/section><br \/>\n<section  class='av_textblock_section av-av_textblock-396ddf1f42196ca838231e61a4602801 '   itemscope=\"itemscope\" itemtype=\"https:\/\/schema.org\/CreativeWork\" ><div class='avia_textblock'  itemprop=\"text\" ><p>Oiartzo Batxilergo Ikastola integra en su metodolog\u00eda <strong>los avances tecnol\u00f3gicos<\/strong> m\u00e1s punteros y prepara al alumnado para responder a necesidades futuras. La plataforma Moodle, por ejemplo, permite al alumno seguir la actividad de clase desde casa.<\/p>\n<\/div><\/section><br \/>\n\n<style type=\"text\/css\" data-created_by=\"avia_inline_auto\" id=\"style-css-av-av_image-e0e944b4930913141d7cb9c9e82a9f21\">\n.avia-image-container.av-av_image-e0e944b4930913141d7cb9c9e82a9f21 img.avia_image{\nbox-shadow:none;\n}\n.avia-image-container.av-av_image-e0e944b4930913141d7cb9c9e82a9f21 .av-image-caption-overlay-center{\ncolor:#ffffff;\n}\n<\/style>\n<div  class='avia-image-container av-av_image-e0e944b4930913141d7cb9c9e82a9f21 av-styling- av-img-linked avia-align-center  avia-builder-el-14  el_after_av_textblock  avia-builder-el-last '   itemprop=\"image\" itemscope=\"itemscope\" itemtype=\"https:\/\/schema.org\/ImageObject\" ><div class=\"avia-image-container-inner\"><div class=\"avia-image-overlay-wrap\"><a href=\"https:\/\/www.oiartzoikastola.eus\/wp-content\/uploads\/2016\/10\/rr.jpg\" data-srcset=\"https:\/\/www.oiartzoikastola.eus\/wp-content\/uploads\/2016\/10\/rr.jpg 672w, https:\/\/www.oiartzoikastola.eus\/wp-content\/uploads\/2016\/10\/rr-300x186.jpg 300w, https:\/\/www.oiartzoikastola.eus\/wp-content\/uploads\/2016\/10\/rr-450x279.jpg 450w\" data-sizes=\"(max-width: 672px) 100vw, 672px\" class='avia_image '  aria-label='teknologia'><img decoding=\"async\" fetchpriority=\"high\" class='wp-image-681 avia-img-lazy-loading-not-681 avia_image ' src=\"https:\/\/www.oiartzoikastola.eus\/wp-content\/uploads\/2016\/10\/rr.jpg\" alt='' title='teknologia'  height=\"416\" width=\"672\"  itemprop=\"thumbnailUrl\" srcset=\"https:\/\/www.oiartzoikastola.eus\/wp-content\/uploads\/2016\/10\/rr.jpg 672w, https:\/\/www.oiartzoikastola.eus\/wp-content\/uploads\/2016\/10\/rr-300x186.jpg 300w, https:\/\/www.oiartzoikastola.eus\/wp-content\/uploads\/2016\/10\/rr-450x279.jpg 450w\" sizes=\"(max-width: 672px) 100vw, 672px\" \/><\/a><\/div><\/div><\/div><\/p><\/div>\n<style type=\"text\/css\" data-created_by=\"avia_inline_auto\" id=\"style-css-av-av_one_half-0aa7055fe62c3622faec82866afbaeb2\">\n.flex_column.av-av_one_half-0aa7055fe62c3622faec82866afbaeb2{\nborder-radius:0px 0px 0px 0px;\npadding:0px 0px 0px 0px;\n}\n<\/style>\n<div  class='flex_column av-av_one_half-0aa7055fe62c3622faec82866afbaeb2 av_one_half  avia-builder-el-15  el_after_av_one_half  avia-builder-el-last  flex_column_div av-zero-column-padding  column-top-margin'     ><section  class='av_textblock_section av-av_textblock-396ddf1f42196ca838231e61a4602801 '   itemscope=\"itemscope\" itemtype=\"https:\/\/schema.org\/CreativeWork\" ><div class='avia_textblock'  itemprop=\"text\" ><h3>CERCAN\u00cdA<\/h3>\n<\/div><\/section><br \/>\n<section  class='av_textblock_section av-av_textblock-396ddf1f42196ca838231e61a4602801 '   itemscope=\"itemscope\" itemtype=\"https:\/\/schema.org\/CreativeWork\" ><div class='avia_textblock'  itemprop=\"text\" ><p>Oiartzo Batxilergo Ikastola ofrece una <strong>atenci\u00f3n personalizada a los alumnos y sus padres<\/strong>. Siendo la finalidad de los profesionales de la ikastola el desarrollo de las capacidades de los alumnos, ese desarrollo se hace posible a trav\u00e9s del trabajo conjunto entre alumnos, profe-sores y padres.<\/p>\n<\/div><\/section><br \/>\n\n<style type=\"text\/css\" data-created_by=\"avia_inline_auto\" id=\"style-css-av-av_image-8258cafef06e25c408310c4144d5f045\">\n.avia-image-container.av-av_image-8258cafef06e25c408310c4144d5f045 img.avia_image{\nbox-shadow:none;\n}\n.avia-image-container.av-av_image-8258cafef06e25c408310c4144d5f045 .av-image-caption-overlay-center{\ncolor:#ffffff;\n}\n<\/style>\n<div  class='avia-image-container av-av_image-8258cafef06e25c408310c4144d5f045 av-styling- av-img-linked avia-align-center  avia-builder-el-18  el_after_av_textblock  avia-builder-el-last '   itemprop=\"image\" itemscope=\"itemscope\" itemtype=\"https:\/\/schema.org\/ImageObject\" ><div class=\"avia-image-container-inner\"><div class=\"avia-image-overlay-wrap\"><a href=\"https:\/\/www.oiartzoikastola.eus\/wp-content\/uploads\/2016\/10\/weq.jpg\" data-srcset=\"https:\/\/www.oiartzoikastola.eus\/wp-content\/uploads\/2016\/10\/weq.jpg 608w, https:\/\/www.oiartzoikastola.eus\/wp-content\/uploads\/2016\/10\/weq-300x208.jpg 300w, https:\/\/www.oiartzoikastola.eus\/wp-content\/uploads\/2016\/10\/weq-450x312.jpg 450w\" data-sizes=\"(max-width: 608px) 100vw, 608px\" class='avia_image '  aria-label='hurbiltasuna'><img decoding=\"async\" fetchpriority=\"high\" class='wp-image-682 avia-img-lazy-loading-not-682 avia_image ' src=\"https:\/\/www.oiartzoikastola.eus\/wp-content\/uploads\/2016\/10\/weq.jpg\" alt='' title='hurbiltasuna'  height=\"422\" width=\"608\"  itemprop=\"thumbnailUrl\" srcset=\"https:\/\/www.oiartzoikastola.eus\/wp-content\/uploads\/2016\/10\/weq.jpg 608w, https:\/\/www.oiartzoikastola.eus\/wp-content\/uploads\/2016\/10\/weq-300x208.jpg 300w, https:\/\/www.oiartzoikastola.eus\/wp-content\/uploads\/2016\/10\/weq-450x312.jpg 450w\" sizes=\"(max-width: 608px) 100vw, 608px\" \/><\/a><\/div><\/div><\/div><\/p><\/div><\/p>\n","protected":false},"excerpt":{"rendered":"","protected":false},"author":2,"featured_media":0,"parent":0,"menu_order":13,"comment_status":"closed","ping_status":"closed","template":"","meta":{"_acf_changed":false,"footnotes":""},"class_list":["post-1532","page","type-page","status-publish","hentry"],"acf":[],"_links":{"self":[{"href":"https:\/\/www.oiartzoikastola.eus\/es\/wp-json\/wp\/v2\/pages\/1532","targetHints":{"allow":["GET"]}}],"collection":[{"href":"https:\/\/www.oiartzoikastola.eus\/es\/wp-json\/wp\/v2\/pages"}],"about":[{"href":"https:\/\/www.oiartzoikastola.eus\/es\/wp-json\/wp\/v2\/types\/page"}],"author":[{"embeddable":true,"href":"https:\/\/www.oiartzoikastola.eus\/es\/wp-json\/wp\/v2\/users\/2"}],"replies":[{"embeddable":true,"href":"https:\/\/www.oiartzoikastola.eus\/es\/wp-json\/wp\/v2\/comments?post=1532"}],"version-history":[{"count":3,"href":"https:\/\/www.oiartzoikastola.eus\/es\/wp-json\/wp\/v2\/pages\/1532\/revisions"}],"predecessor-version":[{"id":1536,"href":"https:\/\/www.oiartzoikastola.eus\/es\/wp-json\/wp\/v2\/pages\/1532\/revisions\/1536"}],"wp:attachment":[{"href":"https:\/\/www.oiartzoikastola.eus\/es\/wp-json\/wp\/v2\/media?parent=1532"}],"curies":[{"name":"wp","href":"https:\/\/api.w.org\/{rel}","templated":true}]}}