{"id":3632,"date":"2021-03-23T08:47:11","date_gmt":"2021-03-23T07:47:11","guid":{"rendered":"https:\/\/www.oiartzoikastola.eus\/?page_id=3632"},"modified":"2021-03-23T09:06:16","modified_gmt":"2021-03-23T08:06:16","slug":"politica-de-cookies","status":"publish","type":"page","link":"https:\/\/www.oiartzoikastola.eus\/es\/politica-de-cookies\/","title":{"rendered":"COOKIEN POLITIKA"},"content":{"rendered":"<section  class='av_textblock_section av-kmlq23v3-f13f231431af89aa4bc33bef23695f16 '   itemscope=\"itemscope\" itemtype=\"https:\/\/schema.org\/CreativeWork\" ><div class='avia_textblock'  itemprop=\"text\" ><p>En la presente Pol\u00edtica de Cookies, te explicamos qu\u00e9 son las cookies, para qu\u00e9 sirven, y c\u00f3mo puedes configurarlas y\/o desactivarlas si as\u00ed lo deseas. Adem\u00e1s, te indicamos qu\u00e9 tipos de cookies utiliza, y con qu\u00e9 finalidad lo hace, OIARTZO\u00a0IKASTOLA responsable del sitio web a trav\u00e9s del cual has accedido a la presente Pol\u00edtica de Cookies (el \u201cSitio web\u201d), y que se encuentra debidamente identificada en el Aviso Legal que figura en el mismo.<\/p>\n<p><strong>\u00bfQu\u00e9 son las cookies?<\/strong><br \/>\nEste sitio web utiliza cookies y\/o tecnolog\u00edas similares que almacenan y recuperan informaci\u00f3n cuando navegas. En general, estas tecnolog\u00edas pueden servir para finalidades muy diversas, como, por ejemplo, reconocerte como usuario, obtener informaci\u00f3n sobre tus h\u00e1bitos de navegaci\u00f3n, o personalizar la forma en que se muestra el contenido. Los usos concretos que hacemos de estas tecnolog\u00edas se describen a continuaci\u00f3n.<\/p>\n<p><strong>Tipolog\u00eda de cookies<\/strong><\/p>\n<p><u>En funci\u00f3n de su duraci\u00f3n las cookies pueden ser:<\/u><br \/>\n\u2022 <strong>De sesi\u00f3n<\/strong>. Son un tipo de cookies dise\u00f1adas para recabar y almacenar datos mientras el usuario accede a una p\u00e1gina web. Estas cookies no quedan almacenadas en el ordenador del usuario cuando caduca la sesi\u00f3n o este cierra el navegador.<br \/>\n\u2022 <strong>Persistentes<\/strong>. Son un tipo de cookies en el que los datos siguen almacenados en el ordenador del usuario y pueden ser accedidos y tratados cuando el usuario abandona la p\u00e1gina web y cuando se vuelva a conectar a ella. Estas cookies pueden ser borradas en cualquier momento por el Usuario.<\/p>\n<p><u>En funci\u00f3n de la entidad que las gestione:<\/u><br \/>\n\u2022 <strong>Cookies propias<\/strong>: Son aqu\u00e9llas que se env\u00edan al equipo terminal del usuario desde un equipo o dominio gestionado por el titular de la p\u00e1gina web y desde la que se presta el servicio solicitado por el usuario.<br \/>\n\u2022 <strong>Cookies de tercero<\/strong>: Son aqu\u00e9llas que se env\u00edan al equipo terminal del usuario desde un equipo o dominio que no es gestionado por el editor, sino por otra entidad que trata los datos obtenidos a trav\u00e9s de las cookies. En el caso de que las cookies sean servidas desde un equipo o dominio gestionado por el propio editor, pero la informaci\u00f3n que se recoja mediante \u00e9stas sea gestionada por un tercero, no pueden ser consideradas como cookies propias, si el tercero las utiliza para sus propias finalidades como la mejora de los servicios que presta o para la prestaci\u00f3n de servicios, por ejemplo, de car\u00e1cter publicitario, a favor de otras entidades.<\/p>\n<p><u>Seg\u00fan la finalidad perseguida:<\/u><br \/>\n\u2022 <strong>T\u00e9cnicas<\/strong>: estas cookies son necesarias para que el sitio web funcione y no se pueden desactivar en nuestros sistemas. Usualmente est\u00e1n configuradas para responder a acciones hechas por usted para recibir servicios, tales como ajustar sus preferencias de privacidad, iniciar sesi\u00f3n en el sitio, o llenar formularios. Usted puede configurar su navegador para bloquear o alertar la presencia de estas cookies, pero algunas partes del sitio web no funcionar\u00e1n. Estas cookies no guardan ninguna informaci\u00f3n personal identificable.<\/p>\n<p>\u2022 <strong>De an\u00e1lisis<\/strong>: son aquellas que, tratadas por nosotros o por terceros, nos permiten cuantificar el n\u00famero de usuarios y as\u00ed realizar la medici\u00f3n y an\u00e1lisis estad\u00edstico de la utilizaci\u00f3n que hacen los usuarios del servicio ofertado. Para ello se analiza su navegaci\u00f3n en nuestra p\u00e1gina web con el fin de mejorar la oferta de productos o servicios que le ofrecemos.<\/p>\n<p><strong>\u00bfQu\u00e9 tipos de cookies se utilizan en esta p\u00e1gina web?<\/strong><\/p>\n<p>\u2022 Cookies de sesi\u00f3n (propias), para facilitar el manejo de la Web por parte del usuario.<\/p>\n<p>\u2022 Cookies de Terceros: como consecuencia de las cookies empleadas por terceros, sus datos pueden ser objeto de transferencia internacional en caso de consentir su uso. Puede obtener m\u00e1s informaci\u00f3n sobre las transferencias a estos pa\u00edses y c\u00f3mo se llevan a cabo, a trav\u00e9s de las correspondientes pol\u00edticas de estos proveedores aqu\u00ed facilitadas:<\/p>\n<p>Google: Pol\u00edtica de privacidad Google y Pol\u00edtica de uso de cookies Google Analytics (<a href=\"https:\/\/support.google.com\/analytics\/answer\/6004245?hl=es&#038;ref_topic=2919631\">https:\/\/support.google.com\/analytics\/answer\/6004245?hl=es&#038;ref_topic=2919631<\/a>)<\/p>\n<p><strong>Consentimiento y configuraci\u00f3n de cookies<\/strong><br \/>\nSi no est\u00e1 de acuerdo con que las \u201ccookies\u201d descritas puedan recopilar la informaci\u00f3n mencionada, puede rechazar su instalaci\u00f3n en el panel de configuraci\u00f3n de cookies de esta web. Este panel es accesible desde la ventana emergente de Aceptaci\u00f3n\/ Configuraci\u00f3n de cookies la primera vez que accede a la web y, una vez que ya las haya configurado, desde la pesta\u00f1a de \u201cPol\u00edtica de cookies\u201d.<\/p>\n<p>Tenga en cuenta que, si acepta las cookies de terceros, deber\u00e1 eliminarlas desde las opciones del navegador o desde el sistema ofrecido por el propio tercero.<\/p>\n<p>El Usuario puede deshabilitar, rechazar y eliminar las cookies, total o parcialmente, instaladas en su dispositivo mediante la configuraci\u00f3n de su navegador (entre los que se encuentran, por ejemplo, Chrome, Firefox, Safari, Explorer). En este sentido, los procedimientos para rechazar y eliminar las cookies pueden diferir de un navegador de Internet a otro. En consecuencia, el Usuario debe acudir a las instrucciones facilitadas por el propio navegador de Internet que est\u00e9 utilizando. En el supuesto de que rechace el uso de cookies, total o parcialmente, podr\u00e1 seguir usando el Sitio Web, si bien podr\u00e1 tener limitada la utilizaci\u00f3n de algunas de las prestaciones del mismo.<\/p>\n<p><strong>Cambios en la Pol\u00edtica de Cookies<\/strong><br \/>\nLa presente Pol\u00edtica de Cookies se podr\u00e1 modificar cuando as\u00ed lo exija la legislaci\u00f3n vigente en cada momento o cuando hubiera alguna variaci\u00f3n en el tipo de cookies utilizadas.<\/p>\n<p>\u00daltima actualizaci\u00f3n: Marzo 2021<\/p>\n<\/div><\/section>\n","protected":false},"excerpt":{"rendered":"","protected":false},"author":2,"featured_media":0,"parent":0,"menu_order":0,"comment_status":"closed","ping_status":"closed","template":"","meta":{"_acf_changed":false,"footnotes":""},"class_list":["post-3632","page","type-page","status-publish","hentry"],"acf":[],"_links":{"self":[{"href":"https:\/\/www.oiartzoikastola.eus\/es\/wp-json\/wp\/v2\/pages\/3632","targetHints":{"allow":["GET"]}}],"collection":[{"href":"https:\/\/www.oiartzoikastola.eus\/es\/wp-json\/wp\/v2\/pages"}],"about":[{"href":"https:\/\/www.oiartzoikastola.eus\/es\/wp-json\/wp\/v2\/types\/page"}],"author":[{"embeddable":true,"href":"https:\/\/www.oiartzoikastola.eus\/es\/wp-json\/wp\/v2\/users\/2"}],"replies":[{"embeddable":true,"href":"https:\/\/www.oiartzoikastola.eus\/es\/wp-json\/wp\/v2\/comments?post=3632"}],"version-history":[{"count":6,"href":"https:\/\/www.oiartzoikastola.eus\/es\/wp-json\/wp\/v2\/pages\/3632\/revisions"}],"predecessor-version":[{"id":3646,"href":"https:\/\/www.oiartzoikastola.eus\/es\/wp-json\/wp\/v2\/pages\/3632\/revisions\/3646"}],"wp:attachment":[{"href":"https:\/\/www.oiartzoikastola.eus\/es\/wp-json\/wp\/v2\/media?parent=3632"}],"curies":[{"name":"wp","href":"https:\/\/api.w.org\/{rel}","templated":true}]}}