{"id":3878,"date":"2021-05-04T11:10:10","date_gmt":"2021-05-04T09:10:10","guid":{"rendered":"https:\/\/www.oiartzoikastola.eus\/sugerencias\/"},"modified":"2024-10-25T13:23:30","modified_gmt":"2024-10-25T11:23:30","slug":"sugerencias","status":"publish","type":"page","link":"https:\/\/www.oiartzoikastola.eus\/es\/sugerencias\/","title":{"rendered":"Sugerencias"},"content":{"rendered":"<section  class='av_textblock_section av-ko9ppy36-d29177b4bd677a85770402ffdd2ccbfd '   itemscope=\"itemscope\" itemtype=\"https:\/\/schema.org\/CreativeWork\" ><div class='avia_textblock'  itemprop=\"text\" ><p>En Oiartzo queremos seguir mejorando. Para lograr ese objetivo es imprescindible que nos hag\u00e1is llegar vuestras ideas, sugerencias y\/o valoraciones. Si ten\u00e9is cualquier cuesti\u00f3n que consider\u00e9is que debemos saber, rellenad el formulario inferior. Eskerrik asko!<\/p>\n<\/div><\/section>\n<form action=\"https:\/\/www.oiartzoikastola.eus\/es\/sugerencias\/\" method=\"post\" data-fields-with-error=\"Found errors in the following field(s):\" class=\"avia_ajax_form av-form-labels-visible   avia-builder-el-1  el_after_av_textblock  avia-builder-el-last   \" data-avia-form-id=\"1\" data-avia-redirect='' ><h3 class=''>Hoja de sugerencias, quejas y reclamaciones<\/h3><fieldset><p class='  first_form  form_element form_fullwidth' id='element_avia_1_1'><label for=\"avia_1_1\">Nombre y apellidos <abbr class=\"required\" title=\"requerido\">*<\/abbr><\/label> <input name=\"avia_1_1\" class=\"text_input is_empty\" type=\"text\" id=\"avia_1_1\" value=\"\" \/><\/p><p class='  first_form  form_element form_fullwidth' id='element_avia_2_1'><label for=\"avia_2_1\">E-Mail <abbr class=\"required\" title=\"requerido\">*<\/abbr><\/label> <input name=\"avia_2_1\" class=\"text_input is_email\" type=\"text\" id=\"avia_2_1\" value=\"\" \/><\/p><p class='  first_form  form_element form_fullwidth' id='element_avia_3_1'><label for=\"avia_3_1\">Asunto <abbr class=\"required\" title=\"requerido\">*<\/abbr><\/label> <input name=\"avia_3_1\" class=\"text_input is_empty\" type=\"text\" id=\"avia_3_1\" value=\"\" \/><\/p><p class='  first_form  form_element form_fullwidth' id='element_avia_4_1'><label for=\"avia_4_1\" class=\"textare_label hidden textare_label_avia_4_1\">Mensaje <abbr class=\"required\" title=\"requerido\">*<\/abbr><\/label><textarea  name=\"avia_4_1\" class=\"text_area is_empty\" cols=\"40\" rows=\"7\" id=\"avia_4_1\" ><\/textarea><\/p><div id='avia_5_1' class='av-form-text'><p>\nLos datos personales facilitados ser\u00e1n tratados por OIARTZO IKASTOLA como responsable del tratamiento, para la gesti\u00f3n de contactos, y de las quejas y sugerencias recibidas. Puedes acceder, rectificar y suprimir tus datos, as\u00ed como ejercer otros derechos en la direcci\u00f3n\u00a0<a href=\"mailto:oiartzo@ikastola.eus\">oiartzo@ikastola.eus<\/a>, como se explica junto a informaci\u00f3n\u00a0adicional de\u00a0<a href=\"https:\/\/www.oiartzoikastola.eus\/pribatutasun-politika\/\">protecci\u00f3n de datos<\/a>\u00a0en nuestra p\u00e1gina web.<\/p>\n<\/div><p class='  first_form  form_element form_fullwidth av-last-visible-form-element' id='element_avia_6_1'><input  name=\"avia_6_1\" class=\"input_checkbox is_empty\" type=\"checkbox\" id=\"avia_6_1\" value=\"true\"\/><label class=\"input_checkbox_label\" for=\"avia_6_1\">He le\u00eddo y acepto la <a href=\"https:\/\/www.oiartzoikastola.eus\/pribatutasun-politika\/\"> pol\u00edtica de privacidad<\/a>. <abbr class=\"required\" title=\"requerido\">*<\/abbr><\/label><\/p><p class=\"hidden\"><input type=\"text\" name=\"avia_7_1\" class=\"hidden \" id=\"avia_7_1\" value=\"\" \/><\/p><p class=\"form_element \"><input type=\"hidden\" value=\"1\" name=\"avia_generated_form1\" \/><input type=\"submit\" value=\"ENVIAR\" class=\"button\"  data-sending-label=\"Enviando\"\/><\/p><\/fieldset><\/form><div id=\"ajaxresponse_1\" class=\"ajaxresponse ajaxresponse_1 hidden\"><\/div>\n","protected":false},"excerpt":{"rendered":"","protected":false},"author":5,"featured_media":0,"parent":0,"menu_order":0,"comment_status":"closed","ping_status":"closed","template":"","meta":{"_acf_changed":false,"footnotes":""},"class_list":["post-3878","page","type-page","status-publish","hentry"],"acf":[],"_links":{"self":[{"href":"https:\/\/www.oiartzoikastola.eus\/es\/wp-json\/wp\/v2\/pages\/3878","targetHints":{"allow":["GET"]}}],"collection":[{"href":"https:\/\/www.oiartzoikastola.eus\/es\/wp-json\/wp\/v2\/pages"}],"about":[{"href":"https:\/\/www.oiartzoikastola.eus\/es\/wp-json\/wp\/v2\/types\/page"}],"author":[{"embeddable":true,"href":"https:\/\/www.oiartzoikastola.eus\/es\/wp-json\/wp\/v2\/users\/5"}],"replies":[{"embeddable":true,"href":"https:\/\/www.oiartzoikastola.eus\/es\/wp-json\/wp\/v2\/comments?post=3878"}],"version-history":[{"count":6,"href":"https:\/\/www.oiartzoikastola.eus\/es\/wp-json\/wp\/v2\/pages\/3878\/revisions"}],"predecessor-version":[{"id":6121,"href":"https:\/\/www.oiartzoikastola.eus\/es\/wp-json\/wp\/v2\/pages\/3878\/revisions\/6121"}],"wp:attachment":[{"href":"https:\/\/www.oiartzoikastola.eus\/es\/wp-json\/wp\/v2\/media?parent=3878"}],"curies":[{"name":"wp","href":"https:\/\/api.w.org\/{rel}","templated":true}]}}