{"id":3972,"date":"2021-07-09T11:18:13","date_gmt":"2021-07-09T09:18:13","guid":{"rendered":"https:\/\/www.oiartzoikastola.eus\/inicio-del-curso-21-22\/"},"modified":"2025-07-02T13:45:23","modified_gmt":"2025-07-02T11:45:23","slug":"inicio-del-curso","status":"publish","type":"page","link":"https:\/\/www.oiartzoikastola.eus\/es\/inicio-del-curso\/","title":{"rendered":"Inicio del curso 25-26"},"content":{"rendered":"\n<style type=\"text\/css\" data-created_by=\"avia_inline_auto\" id=\"style-css-av-kquq7ghy-dec618cc9c80658c10047cc9a6162675\">\n.flex_column.av-kquq7ghy-dec618cc9c80658c10047cc9a6162675{\nborder-radius:0px 0px 0px 0px;\npadding:0px 0px 0px 0px;\n}\n<\/style>\n<div  class='flex_column av-kquq7ghy-dec618cc9c80658c10047cc9a6162675 av_one_full  avia-builder-el-0  el_before_av_one_full  avia-builder-el-first  first flex_column_div av-zero-column-padding  '     ><section  class='av_textblock_section av-kqup8zve-eed1b8846b24779fc843253f88ba25c5 '   itemscope=\"itemscope\" itemtype=\"https:\/\/schema.org\/CreativeWork\" ><div class='avia_textblock'  itemprop=\"text\" ><h2 style=\"text-align: center;\">Curso 2025-26: informaci\u00f3n pr\u00e1ctica inicial<\/h2>\n<\/div><\/section><\/div>\n<style type=\"text\/css\" data-created_by=\"avia_inline_auto\" id=\"style-css-av-kquqfw68-e25c5607bf876f398fe42a3f6412b99f\">\n.flex_column.av-kquqfw68-e25c5607bf876f398fe42a3f6412b99f{\nborder-radius:0px 0px 0px 0px;\npadding:10px 10px 10px 10px;\nbackground-color:#e1e2e8;\n}\n<\/style>\n<div  class='flex_column av-kquqfw68-e25c5607bf876f398fe42a3f6412b99f av_one_full  avia-builder-el-2  el_after_av_one_full  el_before_av_one_full  first flex_column_div  column-top-margin'     ><style type=\"text\/css\" data-created_by=\"avia_inline_auto\" id=\"style-css-av-kqup7c6v-fccd7afcbd9686a0ac75484b15ff724f\">\n.iconbox.av-kqup7c6v-fccd7afcbd9686a0ac75484b15ff724f .iconbox_icon{\ncolor:#f7a812;\n}\n.iconbox.av-kqup7c6v-fccd7afcbd9686a0ac75484b15ff724f .iconbox_icon.avia-svg-icon svg:first-child{\nfill:#f7a812;\nstroke:#f7a812;\n}\n<\/style>\n<article  class='iconbox iconbox_left_content av-kqup7c6v-fccd7afcbd9686a0ac75484b15ff724f av-icon-style-no-border  avia-builder-el-3  avia-builder-el-no-sibling '  itemscope=\"itemscope\" itemtype=\"https:\/\/schema.org\/CreativeWork\" ><div class='iconbox_icon heading-color avia-iconfont avia-font-entypo-fontello' data-av_icon='\ue85b' data-av_iconfont='entypo-fontello' title=\"CALENDARIO ESCOLAR\" desc=\"CALENDARIO ESCOLAR\" ><\/div><div class=\"iconbox_content\"><header class=\"entry-content-header\" aria-label=\"Icon: CALENDARIO ESCOLAR\"><h3 class='iconbox_content_title '  itemprop=\"headline\" ><a href='https:\/\/www.oiartzoikastola.eus\/wp-content\/uploads\/2024\/07\/Oiartzo-ikastola-eskola-egutegia_24-25.pdf' title='CALENDARIO ESCOLAR'  >CALENDARIO ESCOLAR<\/a><\/h3><\/header><div class='iconbox_content_container '  itemprop=\"text\" ><p>El calendario escolar 2025-26 se ha mandado por Inika (2\u00ba curso) \/ email (1\u00ba curso).<\/p>\n<p>Est\u00e1n indicados los d\u00edas de inicio\/final de curso, evaluaci\u00f3n, recuperaciones y dem\u00e1s fechas importantes.\u00a0Cabe tener en cuenta que los calendarios del 1\u00ba y 2\u00ba curso de bachiller difieren bastante a partir de mayo.<\/p>\n<\/div><\/div><footer class=\"entry-footer\"><\/footer><\/article><\/div>\n<style type=\"text\/css\" data-created_by=\"avia_inline_auto\" id=\"style-css-av-av_one_full-be57ec32cba539d9f3fa4c7db2eb22bb\">\n.flex_column.av-av_one_full-be57ec32cba539d9f3fa4c7db2eb22bb{\nborder-radius:0px 0px 0px 0px;\npadding:10px 10px 10px 10px;\nbackground-color:#e1e2e8;\n}\n<\/style>\n<div  class='flex_column av-av_one_full-be57ec32cba539d9f3fa4c7db2eb22bb av_one_full  avia-builder-el-4  el_after_av_one_full  el_before_av_one_half  first flex_column_div  column-top-margin'     ><style type=\"text\/css\" data-created_by=\"avia_inline_auto\" id=\"style-css-av-m0cirs4w-c31a9111ac6957c38c327f8e14dcb104\">\n.iconbox.av-m0cirs4w-c31a9111ac6957c38c327f8e14dcb104 .iconbox_icon{\ncolor:#f7a812;\n}\n.iconbox.av-m0cirs4w-c31a9111ac6957c38c327f8e14dcb104 .iconbox_icon.avia-svg-icon svg:first-child{\nfill:#f7a812;\nstroke:#f7a812;\n}\n<\/style>\n<article  class='iconbox iconbox_left_content av-m0cirs4w-c31a9111ac6957c38c327f8e14dcb104 av-icon-style-no-border  avia-builder-el-5  avia-builder-el-no-sibling '  itemscope=\"itemscope\" itemtype=\"https:\/\/schema.org\/CreativeWork\" ><div class='iconbox_icon heading-color avia-iconfont avia-font-entypo-fontello' data-av_icon='\ue8dd' data-av_iconfont='entypo-fontello'  ><\/div><div class=\"iconbox_content\"><header class=\"entry-content-header\" aria-label=\"Icon: TRANSPORTE\"><h3 class='iconbox_content_title '  itemprop=\"headline\" >TRANSPORTE<\/h3><\/header><div class='iconbox_content_container '  itemprop=\"text\" ><p>Se prev\u00e9 que la organizaci\u00f3n y funcionamiento del servicio ser\u00e1 igual que en el curso 2024-25 (ver informaci\u00f3n detallada <a href=\"https:\/\/www.oiartzoikastola.eus\/es\/zerbitzuak\/transporte\/\">aqu\u00ed<\/a>). Si hubiera cambios se informar\u00e1 al respecto.<\/p>\n<\/div><\/div><footer class=\"entry-footer\"><\/footer><\/article><\/div>\n<style type=\"text\/css\" data-created_by=\"avia_inline_auto\" id=\"style-css-av-kqups0td-6b4eb426cac3f963b5f7374cbb52d8c2\">\n.flex_column.av-kqups0td-6b4eb426cac3f963b5f7374cbb52d8c2{\nborder-radius:0px 0px 0px 0px;\npadding:10px 10px 10px 10px;\nbackground-color:#e1e2e8;\n}\n<\/style>\n<div  class='flex_column av-kqups0td-6b4eb426cac3f963b5f7374cbb52d8c2 av_one_half  avia-builder-el-6  el_after_av_one_full  el_before_av_one_half  first flex_column_div  column-top-margin'     ><section  class='av_textblock_section av-kqupat0p-66cabe341bf58f52fb55390d0acde0a5 '   itemscope=\"itemscope\" itemtype=\"https:\/\/schema.org\/CreativeWork\" ><div class='avia_textblock'  itemprop=\"text\" ><h2><\/h2>\n<h2 style=\"text-align: center;\"><strong>1\u00ba CURSO<\/strong><\/h2>\n<\/div><\/section><br \/>\n\n<style type=\"text\/css\" data-created_by=\"avia_inline_auto\" id=\"style-css-av-40lmpk-a09c20b44e8a63307905fc69998d7a88\">\n#top .hr.hr-invisible.av-40lmpk-a09c20b44e8a63307905fc69998d7a88{\nheight:50px;\n}\n<\/style>\n<div  class='hr av-40lmpk-a09c20b44e8a63307905fc69998d7a88 hr-invisible  avia-builder-el-8  el_after_av_textblock  el_before_av_icon_box '><span class='hr-inner '><span class=\"hr-inner-style\"><\/span><\/span><\/div><br \/>\n\n<style type=\"text\/css\" data-created_by=\"avia_inline_auto\" id=\"style-css-av-kqup7c6v-30e988ed3a56ef489fb96a62fe1c900e\">\n.iconbox.av-kqup7c6v-30e988ed3a56ef489fb96a62fe1c900e .iconbox_icon{\ncolor:#f7a812;\n}\n.iconbox.av-kqup7c6v-30e988ed3a56ef489fb96a62fe1c900e .iconbox_icon.avia-svg-icon svg:first-child{\nfill:#f7a812;\nstroke:#f7a812;\n}\n<\/style>\n<article  class='iconbox iconbox_left_content av-kqup7c6v-30e988ed3a56ef489fb96a62fe1c900e av-icon-style-no-border  avia-builder-el-9  el_after_av_hr  el_before_av_icon_box '  itemscope=\"itemscope\" itemtype=\"https:\/\/schema.org\/CreativeWork\" ><div class='iconbox_icon heading-color avia-iconfont avia-font-entypo-fontello' data-av_icon='\ue84f' data-av_iconfont='entypo-fontello'  ><\/div><div class=\"iconbox_content\"><header class=\"entry-content-header\" aria-label=\"Icon: LIBROS DE TEXTO\"><h3 class='iconbox_content_title '  itemprop=\"headline\" >LIBROS DE TEXTO<\/h3><\/header><div class='iconbox_content_container '  itemprop=\"text\" ><p><a href=\"https:\/\/www.oiartzoikastola.eus\/wp-content\/uploads\/2025\/07\/Oiartzo-Ikastola-liburuak-25-26_1-maila.pdf\">Ver<\/a>\u00a0 el listado de libros de texto para el 1\u00ba curso. En las asignaturas que no aparecen en el listado se utilizar\u00e1 material propio.<\/p>\n<p>Una de las opciones para comprar los libros de texto es a trav\u00e9s de la <a href=\"https:\/\/ikastetxeak.elkar.eus\/oiartzo\">tienda online que Elkar crea para Oiartzo<\/a>. El plazo para comprar los libros online finalizar\u00e1 el 31 de julio. En ese caso, se les entregar\u00e1n los libros a las y los alumnos en la Ikastola a principio de curso.<\/p>\n<\/div><\/div><footer class=\"entry-footer\"><\/footer><\/article><br \/>\n\n<style type=\"text\/css\" data-created_by=\"avia_inline_auto\" id=\"style-css-av-ly7csaxf-27023748c3c8a1da6a58a460b810f3fc\">\n.iconbox.av-ly7csaxf-27023748c3c8a1da6a58a460b810f3fc .iconbox_icon{\ncolor:#f7a812;\n}\n.iconbox.av-ly7csaxf-27023748c3c8a1da6a58a460b810f3fc .iconbox_icon.avia-svg-icon svg:first-child{\nfill:#f7a812;\nstroke:#f7a812;\n}\n<\/style>\n<article  class='iconbox iconbox_left_content av-ly7csaxf-27023748c3c8a1da6a58a460b810f3fc av-icon-style-no-border  avia-builder-el-10  el_after_av_icon_box  el_before_av_icon_box '  itemscope=\"itemscope\" itemtype=\"https:\/\/schema.org\/CreativeWork\" ><div class='iconbox_icon heading-color avia-iconfont avia-font-entypo-fontello' data-av_icon='\ue805' data-av_iconfont='entypo-fontello'  ><\/div><div class=\"iconbox_content\"><header class=\"entry-content-header\" aria-label=\"Icon: CORREO ELECTR\u00d3NICO\"><h3 class='iconbox_content_title '  itemprop=\"headline\" >CORREO ELECTR\u00d3NICO<\/h3><\/header><div class='iconbox_content_container '  itemprop=\"text\" ><p>Las y los estudiantes deben tener un correo electr\u00f3nico propio para principio de curso. No sirven los correos de los dominios @oreretaikastola @haurtzaroikastola ya que ser\u00e1n eliminados.<\/p>\n<\/div><\/div><footer class=\"entry-footer\"><\/footer><\/article><br \/>\n\n<style type=\"text\/css\" data-created_by=\"avia_inline_auto\" id=\"style-css-av-ly7ctb9m-15c4f66e17626f27c82d56ee8acf47d2\">\n.iconbox.av-ly7ctb9m-15c4f66e17626f27c82d56ee8acf47d2 .iconbox_icon{\ncolor:#f7a812;\n}\n.iconbox.av-ly7ctb9m-15c4f66e17626f27c82d56ee8acf47d2 .iconbox_icon.avia-svg-icon svg:first-child{\nfill:#f7a812;\nstroke:#f7a812;\n}\n<\/style>\n<article  class='iconbox iconbox_left_content av-ly7ctb9m-15c4f66e17626f27c82d56ee8acf47d2 av-icon-style-no-border  avia-builder-el-11  el_after_av_icon_box  el_before_av_icon_box '  itemscope=\"itemscope\" itemtype=\"https:\/\/schema.org\/CreativeWork\" ><div class='iconbox_icon heading-color avia-iconfont avia-font-entypo-fontello' data-av_icon='\ue85a' data-av_iconfont='entypo-fontello'  ><\/div><div class=\"iconbox_content\"><header class=\"entry-content-header\" aria-label=\"Icon: TAQUILLAS\"><h3 class='iconbox_content_title '  itemprop=\"headline\" >TAQUILLAS<\/h3><\/header><div class='iconbox_content_container '  itemprop=\"text\" ><p>Cada estudiante tendr\u00e1 una taquilla propia para guardar todo su material. Esa taquilla ser\u00e1 personal y ser\u00e1 el o la estudiante el responsable de su correcto uso.<\/p>\n<\/div><\/div><footer class=\"entry-footer\"><\/footer><\/article><br \/>\n\n<style type=\"text\/css\" data-created_by=\"avia_inline_auto\" id=\"style-css-av-kqup7c6v-34ac4f1265c44bbb2543c91f4a80e7d4\">\n.iconbox.av-kqup7c6v-34ac4f1265c44bbb2543c91f4a80e7d4 .iconbox_icon{\ncolor:#f7a812;\n}\n.iconbox.av-kqup7c6v-34ac4f1265c44bbb2543c91f4a80e7d4 .iconbox_icon.avia-svg-icon svg:first-child{\nfill:#f7a812;\nstroke:#f7a812;\n}\n<\/style>\n<article  class='iconbox iconbox_left_content av-kqup7c6v-34ac4f1265c44bbb2543c91f4a80e7d4 av-icon-style-no-border  avia-builder-el-12  el_after_av_icon_box  avia-builder-el-last '  itemscope=\"itemscope\" itemtype=\"https:\/\/schema.org\/CreativeWork\" ><div class='iconbox_icon heading-color avia-iconfont avia-font-entypo-fontello' data-av_icon='\ue83c' data-av_iconfont='entypo-fontello'  ><\/div><div class=\"iconbox_content\"><header class=\"entry-content-header\" aria-label=\"Icon: COMUNICACI\u00d3N\"><h3 class='iconbox_content_title '  itemprop=\"headline\" >COMUNICACI\u00d3N<\/h3><\/header><div class='iconbox_content_container '  itemprop=\"text\" ><p>Hasta septiembre (si fuera necesario), se utilizar\u00e1 el correo electr\u00f3nico. Los emails se mandan desde un emisor autom\u00e1ticamente, no respond\u00e1is a esos mensajes. Para comunicarse con la Ikastola, se debe escribir a <a href=\"mailto:oiartzo@ikastola.eus\">oiartzo@ikastola.eus<\/a>.<\/p>\n<\/div><\/div><footer class=\"entry-footer\"><\/footer><\/article><\/p><\/div>\n<style type=\"text\/css\" data-created_by=\"avia_inline_auto\" id=\"style-css-av-kququcbx-f1c1af04675c7947ceb58951affd424f\">\n.flex_column.av-kququcbx-f1c1af04675c7947ceb58951affd424f{\nborder-radius:0px 0px 0px 0px;\npadding:10px 10px 10px 10px;\nbackground-color:#e1e2e8;\n}\n<\/style>\n<div  class='flex_column av-kququcbx-f1c1af04675c7947ceb58951affd424f av_one_half  avia-builder-el-13  el_after_av_one_half  avia-builder-el-last  flex_column_div  column-top-margin'     ><section  class='av_textblock_section av-kqupat0p-66cabe341bf58f52fb55390d0acde0a5 '   itemscope=\"itemscope\" itemtype=\"https:\/\/schema.org\/CreativeWork\" ><div class='avia_textblock'  itemprop=\"text\" ><h2><\/h2>\n<h2 style=\"text-align: center;\"><strong>2\u00ba CURSO <\/strong><\/h2>\n<\/div><\/section><br \/>\n\n<style type=\"text\/css\" data-created_by=\"avia_inline_auto\" id=\"style-css-av-74few-5b903d92e1ea8e3bbb7151b03ede8546\">\n#top .hr.hr-invisible.av-74few-5b903d92e1ea8e3bbb7151b03ede8546{\nheight:50px;\n}\n<\/style>\n<div  class='hr av-74few-5b903d92e1ea8e3bbb7151b03ede8546 hr-invisible  avia-builder-el-15  el_after_av_textblock  el_before_av_icon_box '><span class='hr-inner '><span class=\"hr-inner-style\"><\/span><\/span><\/div><br \/>\n\n<style type=\"text\/css\" data-created_by=\"avia_inline_auto\" id=\"style-css-av-ly7bjz2j-71e40eea6132499596739a30ac9bdac7\">\n.iconbox.av-ly7bjz2j-71e40eea6132499596739a30ac9bdac7 .iconbox_icon{\ncolor:#f7a812;\n}\n.iconbox.av-ly7bjz2j-71e40eea6132499596739a30ac9bdac7 .iconbox_icon.avia-svg-icon svg:first-child{\nfill:#f7a812;\nstroke:#f7a812;\n}\n<\/style>\n<article  class='iconbox iconbox_left_content av-ly7bjz2j-71e40eea6132499596739a30ac9bdac7 av-icon-style-no-border  avia-builder-el-16  el_after_av_hr  el_before_av_icon_box '  itemscope=\"itemscope\" itemtype=\"https:\/\/schema.org\/CreativeWork\" ><div class='iconbox_icon heading-color avia-iconfont avia-font-entypo-fontello' data-av_icon='\ue84f' data-av_iconfont='entypo-fontello'  ><\/div><div class=\"iconbox_content\"><header class=\"entry-content-header\" aria-label=\"Icon: LIBROS DE TEXTO\"><h3 class='iconbox_content_title '  itemprop=\"headline\" >LIBROS DE TEXTO<\/h3><\/header><div class='iconbox_content_container '  itemprop=\"text\" ><p><a href=\"https:\/\/www.oiartzoikastola.eus\/wp-content\/uploads\/2025\/07\/Oiartzo-Ikastola-liburuak-25-26_2-maila.pdf\">Ver<\/a>\u00a0 el listado de libros de texto para el 2\u00ba curso. En las asignaturas que no aparecen en el listado se utilizar\u00e1 material propio.<\/p>\n<p>Una de las opciones para comprar los libros de texto es a trav\u00e9s de la <a href=\"https:\/\/ikastetxeak.elkar.eus\/oiartzo\">tienda online que Elkar crea para Oiartzo<\/a>. El plazo para comprar los libros online finalizar\u00e1 el 31 de julio. En ese caso, se les entregar\u00e1n los libros a las y los alumnos en la Ikastola a principio de curso.<\/p>\n<\/div><\/div><footer class=\"entry-footer\"><\/footer><\/article><br \/>\n\n<style type=\"text\/css\" data-created_by=\"avia_inline_auto\" id=\"style-css-av-kqup7c6v-2d2f28110c5a678a38a469e2a7901e24\">\n.iconbox.av-kqup7c6v-2d2f28110c5a678a38a469e2a7901e24 .iconbox_icon{\ncolor:#f7a812;\n}\n.iconbox.av-kqup7c6v-2d2f28110c5a678a38a469e2a7901e24 .iconbox_icon.avia-svg-icon svg:first-child{\nfill:#f7a812;\nstroke:#f7a812;\n}\n<\/style>\n<article  class='iconbox iconbox_left_content av-kqup7c6v-2d2f28110c5a678a38a469e2a7901e24 av-icon-style-no-border  avia-builder-el-17  el_after_av_icon_box  avia-builder-el-last '  itemscope=\"itemscope\" itemtype=\"https:\/\/schema.org\/CreativeWork\" ><div class='iconbox_icon heading-color avia-iconfont avia-font-entypo-fontello' data-av_icon='\ue88f' data-av_iconfont='entypo-fontello' title=\"CONVOCATORIA DE SEPTIEMBRE\" desc=\"CONVOCATORIA DE SEPTIEMBRE\" ><\/div><div class=\"iconbox_content\"><header class=\"entry-content-header\" aria-label=\"Icon: CONVOCATORIA DE SEPTIEMBRE\"><h3 class='iconbox_content_title '  itemprop=\"headline\" ><a href='https:\/\/www.oiartzoikastola.eus\/wp-content\/uploads\/2023\/07\/iraileko-azterketak-23-24.pdf' title='CONVOCATORIA DE SEPTIEMBRE'  target=\"_blank\"  rel=\"noopener noreferrer\" >CONVOCATORIA DE SEPTIEMBRE<\/a><\/h3><\/header><div class='iconbox_content_container '  itemprop=\"text\" ><p>Las y los estudiantes que hayan dejado alguna asignatura pendiente tendr\u00e1n una convocatoria especial en septiembre. Es una convocatoria importante, ya que da la oportunidad de iniciar el curso con la(s) asignatura(s) aprobada(s).<\/p>\n<\/div><\/div><footer class=\"entry-footer\"><\/footer><\/article><\/p><\/div><\/p>\n","protected":false},"excerpt":{"rendered":"","protected":false},"author":5,"featured_media":0,"parent":0,"menu_order":0,"comment_status":"closed","ping_status":"closed","template":"","meta":{"_acf_changed":false,"footnotes":""},"class_list":["post-3972","page","type-page","status-publish","hentry"],"acf":[],"_links":{"self":[{"href":"https:\/\/www.oiartzoikastola.eus\/es\/wp-json\/wp\/v2\/pages\/3972","targetHints":{"allow":["GET"]}}],"collection":[{"href":"https:\/\/www.oiartzoikastola.eus\/es\/wp-json\/wp\/v2\/pages"}],"about":[{"href":"https:\/\/www.oiartzoikastola.eus\/es\/wp-json\/wp\/v2\/types\/page"}],"author":[{"embeddable":true,"href":"https:\/\/www.oiartzoikastola.eus\/es\/wp-json\/wp\/v2\/users\/5"}],"replies":[{"embeddable":true,"href":"https:\/\/www.oiartzoikastola.eus\/es\/wp-json\/wp\/v2\/comments?post=3972"}],"version-history":[{"count":68,"href":"https:\/\/www.oiartzoikastola.eus\/es\/wp-json\/wp\/v2\/pages\/3972\/revisions"}],"predecessor-version":[{"id":6796,"href":"https:\/\/www.oiartzoikastola.eus\/es\/wp-json\/wp\/v2\/pages\/3972\/revisions\/6796"}],"wp:attachment":[{"href":"https:\/\/www.oiartzoikastola.eus\/es\/wp-json\/wp\/v2\/media?parent=3972"}],"curies":[{"name":"wp","href":"https:\/\/api.w.org\/{rel}","templated":true}]}}