{"id":6720,"date":"2025-06-01T22:12:07","date_gmt":"2025-06-01T20:12:07","guid":{"rendered":"https:\/\/www.oiartzoikastola.eus\/matrikulazioa-25-26\/"},"modified":"2025-06-02T12:56:41","modified_gmt":"2025-06-02T10:56:41","slug":"matrikulazioa-25-26","status":"publish","type":"page","link":"https:\/\/www.oiartzoikastola.eus\/es\/matrikulazioa-25-26\/","title":{"rendered":"MATRICULACI\u00d3N"},"content":{"rendered":"<\/p>\n<section  class='av_textblock_section av-d4b0qz-0061e4ae9296752b2cab81c538128917 '   itemscope=\"itemscope\" itemtype=\"https:\/\/schema.org\/CreativeWork\" ><div class='avia_textblock'  itemprop=\"text\" ><h2 style=\"text-align: center;\">MATRICULACI\u00d3N 2025-26<\/h2>\n<\/div><\/section>\n\n<style type=\"text\/css\" data-created_by=\"avia_inline_auto\" id=\"style-css-av-b3j7h7-2663fded6951a9eaf83ea7c064f96e35\">\n.flex_column.av-b3j7h7-2663fded6951a9eaf83ea7c064f96e35{\nborder-radius:0px 0px 0px 0px;\npadding:0px 0px 0px 0px;\n}\n<\/style>\n<div  class='flex_column av-b3j7h7-2663fded6951a9eaf83ea7c064f96e35 av_two_fifth  avia-builder-el-1  el_after_av_textblock  el_before_av_three_fifth  first flex_column_div av-zero-column-padding  column-top-margin'     ><p><article  class='iconbox iconbox_top av-9gcaij-b8828602d5c4ba0f1d743fc53014f6b8 av-icon-style-no-border  avia-builder-el-2  el_before_av_icon_box  avia-builder-el-first  main_color'  itemscope=\"itemscope\" itemtype=\"https:\/\/schema.org\/CreativeWork\" ><div class=\"iconbox_content\"><header class=\"entry-content-header\" aria-label=\"Icon: HOJA DE MATRICULACI\u00d3N\"><a href='https:\/\/www.oiartzoikastola.eus\/wp-content\/uploads\/2025\/06\/OIARTZO-MATRIKULA-EGITEKO-ESKABIDE-ORRIA-2025-26.pdf' title='HOJA DE MATRICULACI\u00d3N' aria-label='HOJA DE MATRICULACI\u00d3N'  target=\"_blank\"  rel=\"noopener noreferrer\" class='iconbox_icon heading-color avia-iconfont avia-font-entypo-fontello' data-av_icon='\ue84b' data-av_iconfont='entypo-fontello' title=\"HOJA DE MATRICULACI\u00d3N\" desc=\"HOJA DE MATRICULACI\u00d3N\" ><\/a><h3 class='iconbox_content_title '  itemprop=\"headline\" ><a href='https:\/\/www.oiartzoikastola.eus\/wp-content\/uploads\/2025\/06\/OIARTZO-MATRIKULA-EGITEKO-ESKABIDE-ORRIA-2025-26.pdf' title='HOJA DE MATRICULACI\u00d3N'  target=\"_blank\"  rel=\"noopener noreferrer\">HOJA DE MATRICULACI\u00d3N<\/a><\/h3><\/header><div class='iconbox_content_container '  itemprop=\"text\" ><\/div><\/div><footer class=\"entry-footer\"><\/footer><\/article><br \/>\n<article  class='iconbox iconbox_top av-6wp1d7-8cc77fb2d91feec9cb36ba3938ca83f1 av-icon-style-no-border  avia-builder-el-3  el_after_av_icon_box  avia-builder-el-last  main_color'  itemscope=\"itemscope\" itemtype=\"https:\/\/schema.org\/CreativeWork\" ><div class=\"iconbox_content\"><header class=\"entry-content-header\" aria-label=\"Icon: INSTRUCCIONES PARA LA MATR\u00cdCULA\"><a href='https:\/\/www.oiartzoikastola.eus\/wp-content\/uploads\/2025\/06\/Oiartzo_Matrikula-betetzeko-jarraibideak-2025-26-eleb.pdf' title='INSTRUCCIONES PARA LA MATR\u00cdCULA' aria-label='INSTRUCCIONES PARA LA MATR\u00cdCULA'  target=\"_blank\"  rel=\"noopener noreferrer\" class='iconbox_icon heading-color avia-iconfont avia-font-entypo-fontello' data-av_icon='\ue81c' data-av_iconfont='entypo-fontello' title=\"INSTRUCCIONES PARA LA MATR\u00cdCULA\" desc=\"INSTRUCCIONES PARA LA MATR\u00cdCULA\" ><\/a><h3 class='iconbox_content_title '  itemprop=\"headline\" ><a href='https:\/\/www.oiartzoikastola.eus\/wp-content\/uploads\/2025\/06\/Oiartzo_Matrikula-betetzeko-jarraibideak-2025-26-eleb.pdf' title='INSTRUCCIONES PARA LA MATR\u00cdCULA'  target=\"_blank\"  rel=\"noopener noreferrer\">INSTRUCCIONES PARA LA MATR\u00cdCULA<\/a><\/h3><\/header><div class='iconbox_content_container '  itemprop=\"text\" ><\/div><\/div><footer class=\"entry-footer\"><\/footer><\/article><\/p><\/div>\n<style type=\"text\/css\" data-created_by=\"avia_inline_auto\" id=\"style-css-av-4xcny3-838be446378344ce1dc0a56594ec048c\">\n.flex_column.av-4xcny3-838be446378344ce1dc0a56594ec048c{\nborder-radius:0px 0px 0px 0px;\npadding:0px 0px 0px 0px;\n}\n<\/style>\n<div  class='flex_column av-4xcny3-838be446378344ce1dc0a56594ec048c av_three_fifth  avia-builder-el-4  el_after_av_two_fifth  avia-builder-el-last  flex_column_div av-zero-column-padding  column-top-margin'     ><section  class='av_textblock_section av-2syr17-d0b74949714335f138b24c13f7c43364 '   itemscope=\"itemscope\" itemtype=\"https:\/\/schema.org\/CreativeWork\" ><div class='avia_textblock'  itemprop=\"text\" ><p>El periodo de matr\u00edcula est\u00e1 abierto <strong>hasta el 30 de junio<\/strong>.<\/p>\n<p>En esta p\u00e1gina est\u00e1n a vuestra disposici\u00f3n la hoja de matr\u00edcula y las instrucciones para la matr\u00edcula.<\/p>\n<p>La hoja de matriculaci\u00f3n se puede entregar en la oficina de Oiartzo (08:00-14:30) o envi\u00e1ndola por email a <a href=\"mailto:oiartzo@ikastola.eus\">oiartzo@ikastola.eus<\/a>. el alumnado de Orereta y Haurtzaro Ikastolak la pueden entregar en su Ikastola de origen.<\/p>\n<p>En caso de querer hacer cualquier consulta, escribid un mail a <a href=\"mailto:oiartzo@ikastola.eus\">oiartzo@ikastola<\/a>.eus o llamad al 943 52 38 04 (08:00-14:30).<\/p>\n<\/div><\/section><\/div><\/p>\n","protected":false},"excerpt":{"rendered":"","protected":false},"author":5,"featured_media":0,"parent":0,"menu_order":0,"comment_status":"closed","ping_status":"closed","template":"","meta":{"_acf_changed":false,"footnotes":""},"class_list":["post-6720","page","type-page","status-publish","hentry"],"acf":[],"_links":{"self":[{"href":"https:\/\/www.oiartzoikastola.eus\/es\/wp-json\/wp\/v2\/pages\/6720","targetHints":{"allow":["GET"]}}],"collection":[{"href":"https:\/\/www.oiartzoikastola.eus\/es\/wp-json\/wp\/v2\/pages"}],"about":[{"href":"https:\/\/www.oiartzoikastola.eus\/es\/wp-json\/wp\/v2\/types\/page"}],"author":[{"embeddable":true,"href":"https:\/\/www.oiartzoikastola.eus\/es\/wp-json\/wp\/v2\/users\/5"}],"replies":[{"embeddable":true,"href":"https:\/\/www.oiartzoikastola.eus\/es\/wp-json\/wp\/v2\/comments?post=6720"}],"version-history":[{"count":3,"href":"https:\/\/www.oiartzoikastola.eus\/es\/wp-json\/wp\/v2\/pages\/6720\/revisions"}],"predecessor-version":[{"id":6723,"href":"https:\/\/www.oiartzoikastola.eus\/es\/wp-json\/wp\/v2\/pages\/6720\/revisions\/6723"}],"wp:attachment":[{"href":"https:\/\/www.oiartzoikastola.eus\/es\/wp-json\/wp\/v2\/media?parent=6720"}],"curies":[{"name":"wp","href":"https:\/\/api.w.org\/{rel}","templated":true}]}}