{"id":694,"date":"2016-08-01T14:39:26","date_gmt":"2016-08-01T12:39:26","guid":{"rendered":"http:\/\/www.oiartzoikastola.eus\/gure-ikastola\/"},"modified":"2024-10-07T14:16:32","modified_gmt":"2024-10-07T12:16:32","slug":"nuestra-ikastola","status":"publish","type":"page","link":"https:\/\/www.oiartzoikastola.eus\/es\/nor-garen\/nuestra-ikastola\/","title":{"rendered":"Nuestra Ikastola"},"content":{"rendered":"<\/p>\n<section  class='av_textblock_section av-m1yz7f28-9ba2c8e46287191bc73e3a607b3f7937 '   itemscope=\"itemscope\" itemtype=\"https:\/\/schema.org\/CreativeWork\" ><div class='avia_textblock'  itemprop=\"text\" ><p><strong>Oiartzo Batxilergo Ikastola<\/strong>\u00a0es una fundaci\u00f3n creada en 1998 entre Orereta Ikastola y Haurtzaro Ikastola, con el objetivo de garantizar que los y las estudiantes de las dos Ikastolas puedan recibir una educaci\u00f3n de calidad y euskalduna tambi\u00e9n en su paso por el bachillerato. Dado que es una ikastola de bachillerato, la edad de los y las estudiantes se encuentra entre los 16-18 a\u00f1os, y est\u00e1 abierta a j\u00f3venes de cualquier centro. De todas formas, al ser una continuaci\u00f3n natural de las dos ikastolas mencionadas, la mayor\u00eda de los y las estudiantes proceden de Orereta Ikastola y de Haurtzaro Ikastola.<\/p>\n<p><strong>Los objetivos principales de Oiartzo son ofrecer una educaci\u00f3n de calidad, variada y euskalduna.<\/strong><\/p>\n<p><strong>Oiartzo Batxilergo Ikastola<\/strong> pertenece a Euskal Herriko Ikastolen Elkartea, garant\u00eda de una educaci\u00f3n euskaldun de calidad.<\/p>\n<\/div><\/section>\n\n<style type=\"text\/css\" data-created_by=\"avia_inline_auto\" id=\"style-css-av-av_image-1c1b09875fb0f5e67557deb85ecf505b\">\n.avia-image-container.av-av_image-1c1b09875fb0f5e67557deb85ecf505b img.avia_image{\nbox-shadow:none;\n}\n.avia-image-container.av-av_image-1c1b09875fb0f5e67557deb85ecf505b .av-image-caption-overlay-center{\ncolor:#ffffff;\n}\n<\/style>\n<div  class='avia-image-container av-av_image-1c1b09875fb0f5e67557deb85ecf505b av-styling- av-img-linked avia-align-center  avia-builder-el-1  el_after_av_textblock  avia-builder-el-last '   itemprop=\"image\" itemscope=\"itemscope\" itemtype=\"https:\/\/schema.org\/ImageObject\" ><div class=\"avia-image-container-inner\"><div class=\"avia-image-overlay-wrap\"><a href=\"https:\/\/www.oiartzoikastola.eus\/wp-content\/uploads\/2016\/08\/PANO_20160923_155821-1-1030x263.jpg\" data-srcset=\"https:\/\/www.oiartzoikastola.eus\/wp-content\/uploads\/2016\/08\/PANO_20160923_155821-1-1030x263.jpg 1030w, https:\/\/www.oiartzoikastola.eus\/wp-content\/uploads\/2016\/08\/PANO_20160923_155821-1-300x77.jpg 300w, https:\/\/www.oiartzoikastola.eus\/wp-content\/uploads\/2016\/08\/PANO_20160923_155821-1-768x196.jpg 768w, https:\/\/www.oiartzoikastola.eus\/wp-content\/uploads\/2016\/08\/PANO_20160923_155821-1-1500x383.jpg 1500w, https:\/\/www.oiartzoikastola.eus\/wp-content\/uploads\/2016\/08\/PANO_20160923_155821-1-705x180.jpg 705w, https:\/\/www.oiartzoikastola.eus\/wp-content\/uploads\/2016\/08\/PANO_20160923_155821-1-450x115.jpg 450w, https:\/\/www.oiartzoikastola.eus\/wp-content\/uploads\/2016\/08\/PANO_20160923_155821-1.jpg 1600w\" data-sizes=\"(max-width: 1030px) 100vw, 1030px\" class='avia_image '  aria-label='Oiartzo Ikastola'><img decoding=\"async\" fetchpriority=\"high\" class='wp-image-1080 avia-img-lazy-loading-not-1080 avia_image ' src=\"https:\/\/www.oiartzoikastola.eus\/wp-content\/uploads\/2016\/08\/PANO_20160923_155821-1-1030x263.jpg\" alt='Oiartzo Ikastola' title='Oiartzo Ikastola'  height=\"263\" width=\"1030\"  itemprop=\"thumbnailUrl\" srcset=\"https:\/\/www.oiartzoikastola.eus\/wp-content\/uploads\/2016\/08\/PANO_20160923_155821-1-1030x263.jpg 1030w, https:\/\/www.oiartzoikastola.eus\/wp-content\/uploads\/2016\/08\/PANO_20160923_155821-1-300x77.jpg 300w, https:\/\/www.oiartzoikastola.eus\/wp-content\/uploads\/2016\/08\/PANO_20160923_155821-1-768x196.jpg 768w, https:\/\/www.oiartzoikastola.eus\/wp-content\/uploads\/2016\/08\/PANO_20160923_155821-1-1500x383.jpg 1500w, https:\/\/www.oiartzoikastola.eus\/wp-content\/uploads\/2016\/08\/PANO_20160923_155821-1-705x180.jpg 705w, https:\/\/www.oiartzoikastola.eus\/wp-content\/uploads\/2016\/08\/PANO_20160923_155821-1-450x115.jpg 450w, https:\/\/www.oiartzoikastola.eus\/wp-content\/uploads\/2016\/08\/PANO_20160923_155821-1.jpg 1600w\" sizes=\"(max-width: 1030px) 100vw, 1030px\" \/><\/a><\/div><\/div><\/div>\n","protected":false},"excerpt":{"rendered":"","protected":false},"author":2,"featured_media":0,"parent":823,"menu_order":0,"comment_status":"closed","ping_status":"closed","template":"","meta":{"_acf_changed":false,"footnotes":""},"class_list":["post-694","page","type-page","status-publish","hentry"],"acf":[],"_links":{"self":[{"href":"https:\/\/www.oiartzoikastola.eus\/es\/wp-json\/wp\/v2\/pages\/694","targetHints":{"allow":["GET"]}}],"collection":[{"href":"https:\/\/www.oiartzoikastola.eus\/es\/wp-json\/wp\/v2\/pages"}],"about":[{"href":"https:\/\/www.oiartzoikastola.eus\/es\/wp-json\/wp\/v2\/types\/page"}],"author":[{"embeddable":true,"href":"https:\/\/www.oiartzoikastola.eus\/es\/wp-json\/wp\/v2\/users\/2"}],"replies":[{"embeddable":true,"href":"https:\/\/www.oiartzoikastola.eus\/es\/wp-json\/wp\/v2\/comments?post=694"}],"version-history":[{"count":8,"href":"https:\/\/www.oiartzoikastola.eus\/es\/wp-json\/wp\/v2\/pages\/694\/revisions"}],"predecessor-version":[{"id":6015,"href":"https:\/\/www.oiartzoikastola.eus\/es\/wp-json\/wp\/v2\/pages\/694\/revisions\/6015"}],"up":[{"embeddable":true,"href":"https:\/\/www.oiartzoikastola.eus\/es\/wp-json\/wp\/v2\/pages\/823"}],"wp:attachment":[{"href":"https:\/\/www.oiartzoikastola.eus\/es\/wp-json\/wp\/v2\/media?parent=694"}],"curies":[{"name":"wp","href":"https:\/\/api.w.org\/{rel}","templated":true}]}}