{"id":6973,"date":"2025-09-29T15:39:59","date_gmt":"2025-09-29T13:39:59","guid":{"rendered":"https:\/\/www.oiartzoikastola.eus\/oxford-test-of-english-azterketa\/"},"modified":"2025-12-15T11:10:23","modified_gmt":"2025-12-15T10:10:23","slug":"prueba-oxford-test-of-english","status":"publish","type":"page","link":"https:\/\/www.oiartzoikastola.eus\/es\/hezkuntza\/prueba-oxford-test-of-english\/","title":{"rendered":"Prueba \u00abOxford Test of English\u00bb"},"content":{"rendered":"\n<p><strong>Oiartzo ofrece la posibilidad de realizar el examen \u201cOxford Test of English\u201d de la Oxford University para acreditar el conocimiento de ingl\u00e9s hasta el nivel C1 y obtener el certificado haciendo un \u00fanico examen en el propio centro<\/strong>. El alumando de Oiartzo (1\u00ba y 2\u00ba de bachillerato), las y los alumnos de DBH3&nbsp;y DBH4 de Haurtzaro y Orereta Ikastolak, las dos ikastolas de origen de Oiartzo, y cualquier otra persona mayor de 15 a\u00f1os pueden realizar dicho examen en Oiartzo.<\/p>\n\n\n\n<div style=\"height:50px\" aria-hidden=\"true\" class=\"wp-block-spacer\"><\/div>\n\n\n\n<div class=\"wp-block-columns is-layout-flex wp-container-core-columns-is-layout-9d6595d7 wp-block-columns-is-layout-flex\">\n<div class=\"wp-block-column is-layout-flow wp-block-column-is-layout-flow\">\n<hr class=\"wp-block-separator has-alpha-channel-opacity\"\/>\n\n\n\n<h4 class=\"wp-block-heading\">CARACTER\u00cdSTICAS PRINCIPALES DE LA PRUEBA \u201cOXFORD TEST OF ENGLISH\u201d<\/h4>\n\n\n\n<hr class=\"wp-block-separator has-alpha-channel-opacity\"\/>\n\n\n\n<ul class=\"wp-block-list\">\n<li>Se trata de un examen&nbsp;que&nbsp;se&nbsp;realiza&nbsp;por&nbsp;ordenador y dura dos&nbsp;horas y media.<\/li>\n\n\n\n<li>Examina las&nbsp;cuatro&nbsp;competencias&nbsp;b\u00e1sicas del idioma: speaking, writing, listening y reading.<\/li>\n\n\n\n<li>En caso de no conseguir el nivel&nbsp;deseado&nbsp;en&nbsp;alguna de las&nbsp;competencias, las y los examinados&nbsp;cuentan con la posibilidad de repetir solo la parte de esa&nbsp;competencia&nbsp;en una convocatoria&nbsp;posterior, sin tener&nbsp;que&nbsp;repetir el examen del resto de las&nbsp;competencias.<\/li>\n\n\n\n<li>El examen&nbsp;certifica el nivel del o la estudiante. Es decir, no hay&nbsp;suspensos ni aprobados, se&nbsp;certifica el nivel&nbsp;en&nbsp;cada&nbsp;competencia&nbsp;seg\u00fan el Marco Com\u00fan&nbsp;Europeo (A1, A2,&nbsp;B1, B2, C1). Tambi\u00e9n&nbsp;se&nbsp;acredita la media general hasta el nivel C1, siguiendo los mismos&nbsp;est\u00e1ndares.<\/li>\n\n\n\n<li>Los resultados&nbsp;se&nbsp;publican&nbsp;en 15 d\u00edas.<\/li>\n\n\n\n<li>Para m\u00e1s&nbsp;informaci\u00f3n y\/o ver una demo del&nbsp;examen:&nbsp;<a href=\"https:\/\/www.oup.es\/es\/oxfordtestofenglish\/\">www.oxfordtestofenglish.es<\/a><\/li>\n<\/ul>\n<\/div>\n\n\n\n<div class=\"wp-block-column is-layout-flow wp-block-column-is-layout-flow\">\n<div class=\"wp-block-cover is-light has-border-color\" style=\"border-color:#33368c;border-width:2px;margin-top:0;margin-bottom:0;padding-top:var(--wp--preset--spacing--40);padding-right:var(--wp--preset--spacing--40);padding-bottom:var(--wp--preset--spacing--40);padding-left:var(--wp--preset--spacing--40)\"><span aria-hidden=\"true\" class=\"wp-block-cover__background has-background-dim-100 has-background-dim\" style=\"background-color:#dadbf6\"><\/span><div class=\"wp-block-cover__inner-container is-layout-constrained wp-container-core-cover-is-layout-6d59d227 wp-block-cover-is-layout-constrained\">\n<h4 class=\"wp-block-heading has-text-align-left has-large-font-size\">CONVOCATORIAS DEL CURSO 25-26<\/h4>\n\n\n\n<div style=\"height:20px\" aria-hidden=\"true\" class=\"wp-block-spacer\"><\/div>\n\n\n\n<ul class=\"wp-block-list\">\n<li>D\u00cdAS: 14 de enero, 25 de marzo O 22 de junio<\/li>\n\n\n\n<li>HORA: 14 de enero y 25 de marzo: 15:00-17:30 | 22 de junio: 10:00-12:30 <br>(las pruebas de todas las competencias se realizan el mismo d\u00eda)<\/li>\n\n\n\n<li>LUGAR: Oiartzo Ikastola<\/li>\n\n\n\n<li>PRECIO: 95\u20ac (niveles A1-B2) | 105\u20ac (nivel C1)<br>Personas que realizar\u00e1n el examen no siendo miembros de Oiartzo, Haurtzaro y Orereta Ikastolak: 120\u20ac (niveles A1-B2) | 140\u20ac (nivel C1)<\/li>\n\n\n\n<li>N\u00daMERO DE PLAZAS: 10 <br>(si hubiera m\u00e1s solicitudes puede haber la (posibilidad de realizar m\u00e1s convocatorias)<br>(n\u00famero m\u00ednimo de solicitantes en cada convocatoria: 6 personas)<\/li>\n\n\n\n<li>INSCRIPCI\u00d3N: cerrada<\/li>\n\n\n\n<li>PLAZO DE INSCRIPCI\u00d3N: cerrado<\/li>\n\n\n\n<li>DUDAS | PREGUNTAS: <a href=\"mailto:zuzendaria@oiartzoikastola.eus\">zuzendaria@oiartzoikastola.eus<\/a><\/li>\n<\/ul>\n<\/div><\/div>\n<\/div>\n<\/div>\n","protected":false},"excerpt":{"rendered":"<p>Oiartzo ofrece la posibilidad de realizar el examen \u201cOxford Test of English\u201d de la Oxford University para acreditar el conocimiento de ingl\u00e9s hasta el nivel C1 y obtener el certificado haciendo un \u00fanico examen en el propio centro. El alumando de Oiartzo (1\u00ba y 2\u00ba de bachillerato), las y los alumnos de DBH3&nbsp;y DBH4 de [&hellip;]<\/p>\n","protected":false},"author":5,"featured_media":0,"parent":774,"menu_order":100,"comment_status":"closed","ping_status":"closed","template":"","meta":{"_acf_changed":false,"footnotes":""},"class_list":["post-6973","page","type-page","status-publish","hentry"],"acf":[],"_links":{"self":[{"href":"https:\/\/www.oiartzoikastola.eus\/es\/wp-json\/wp\/v2\/pages\/6973","targetHints":{"allow":["GET"]}}],"collection":[{"href":"https:\/\/www.oiartzoikastola.eus\/es\/wp-json\/wp\/v2\/pages"}],"about":[{"href":"https:\/\/www.oiartzoikastola.eus\/es\/wp-json\/wp\/v2\/types\/page"}],"author":[{"embeddable":true,"href":"https:\/\/www.oiartzoikastola.eus\/es\/wp-json\/wp\/v2\/users\/5"}],"replies":[{"embeddable":true,"href":"https:\/\/www.oiartzoikastola.eus\/es\/wp-json\/wp\/v2\/comments?post=6973"}],"version-history":[{"count":31,"href":"https:\/\/www.oiartzoikastola.eus\/es\/wp-json\/wp\/v2\/pages\/6973\/revisions"}],"predecessor-version":[{"id":7099,"href":"https:\/\/www.oiartzoikastola.eus\/es\/wp-json\/wp\/v2\/pages\/6973\/revisions\/7099"}],"up":[{"embeddable":true,"href":"https:\/\/www.oiartzoikastola.eus\/es\/wp-json\/wp\/v2\/pages\/774"}],"wp:attachment":[{"href":"https:\/\/www.oiartzoikastola.eus\/es\/wp-json\/wp\/v2\/media?parent=6973"}],"curies":[{"name":"wp","href":"https:\/\/api.w.org\/{rel}","templated":true}]}}