{"id":704,"date":"2016-06-27T14:37:34","date_gmt":"2016-06-27T12:37:34","guid":{"rendered":"http:\/\/www.oiartzoikastola.eus\/oiartzoko-hezkuntza-proiektua\/"},"modified":"2024-07-17T13:40:11","modified_gmt":"2024-07-17T11:40:11","slug":"proyecto-educativo","status":"publish","type":"page","link":"https:\/\/www.oiartzoikastola.eus\/es\/hezkuntza\/proyecto-educativo\/","title":{"rendered":"Proyecto educativo"},"content":{"rendered":"\n<style type=\"text\/css\" data-created_by=\"avia_inline_auto\" id=\"style-css-av-av_four_fifth-6126cab7d8fab8d08143dd2dacdf673c\">\n.flex_column.av-av_four_fifth-6126cab7d8fab8d08143dd2dacdf673c{\nborder-radius:0px 0px 0px 0px;\npadding:0px 0px 0px 0px;\n}\n<\/style>\n<div  class='flex_column av-av_four_fifth-6126cab7d8fab8d08143dd2dacdf673c av_four_fifth  avia-builder-el-0  el_before_av_one_fifth  avia-builder-el-first  first flex_column_div av-zero-column-padding  '     ><section  class='av_textblock_section av-lyprt286-2752b36712d18fbf763d827dba93d46a '   itemscope=\"itemscope\" itemtype=\"https:\/\/schema.org\/CreativeWork\" ><div class='avia_textblock'  itemprop=\"text\" ><h2>Proyecto educativo<\/h2>\n<\/div><\/section><br \/>\n<section  class='av_textblock_section av-av_textblock-396ddf1f42196ca838231e61a4602801 '   itemscope=\"itemscope\" itemtype=\"https:\/\/schema.org\/CreativeWork\" ><div class='avia_textblock'  itemprop=\"text\" ><p><strong>El Proyecto Educativo de Oiartzo<\/strong>\u00a0est\u00e1 basado en los Proyectos Educativos de las Ikastolas Orereta y Haurtzaro, as\u00ed como en las directrices marcadas por la Federaci\u00f3n de Ikastolas, y ha sido acordado por todos los estamentos de la Ikastola.<\/p>\n<p>Dado que<strong>\u00a0el objetivo principal de Oiartzo<\/strong>\u00a0es ofrecer un Bachillerato euskalduna, de calidad y de amplia oferta, el <strong>Proyecto Educativo<\/strong> va encaminado a lograr dicho objetivo tanto en el \u00e1mbito pedag\u00f3gico como en los dem\u00e1s \u00e1mbitos.<\/p>\n<\/div><\/section><\/p><\/div>\n<style type=\"text\/css\" data-created_by=\"avia_inline_auto\" id=\"style-css-av-av_one_fifth-0aa7055fe62c3622faec82866afbaeb2\">\n.flex_column.av-av_one_fifth-0aa7055fe62c3622faec82866afbaeb2{\nborder-radius:0px 0px 0px 0px;\npadding:0px 0px 0px 0px;\n}\n<\/style>\n<div  class='flex_column av-av_one_fifth-0aa7055fe62c3622faec82866afbaeb2 av_one_fifth  avia-builder-el-3  el_after_av_four_fifth  avia-builder-el-last  flex_column_div av-zero-column-padding  '     ><p>\n<style type=\"text\/css\" data-created_by=\"avia_inline_auto\" id=\"style-css-av-av_hr-e8c293bc95976d5c6ff9d129b325da64\">\n#top .hr.hr-invisible.av-av_hr-e8c293bc95976d5c6ff9d129b325da64{\nheight:80px;\n}\n<\/style>\n<div  class='hr av-av_hr-e8c293bc95976d5c6ff9d129b325da64 hr-invisible  avia-builder-el-4  el_before_av_image  avia-builder-el-first '><span class='hr-inner '><span class=\"hr-inner-style\"><\/span><\/span><\/div><br \/>\n\n<style type=\"text\/css\" data-created_by=\"avia_inline_auto\" id=\"style-css-av-av_image-3f58f5965807313cc0e2f9cadec03602\">\n.avia-image-container.av-av_image-3f58f5965807313cc0e2f9cadec03602 img.avia_image{\nbox-shadow:none;\n}\n.avia-image-container.av-av_image-3f58f5965807313cc0e2f9cadec03602 .av-image-caption-overlay-center{\ncolor:#ffffff;\n}\n<\/style>\n<div  class='avia-image-container av-av_image-3f58f5965807313cc0e2f9cadec03602 av-styling-circle av-img-linked avia-align-center  avia-builder-el-5  el_after_av_hr  avia-builder-el-last '   itemprop=\"image\" itemscope=\"itemscope\" itemtype=\"https:\/\/schema.org\/ImageObject\" ><div class=\"avia-image-container-inner\"><div class=\"avia-image-overlay-wrap\"><a href=\"http:\/\/www.oiartzoikastola.eus\/wp-content\/uploads\/2016\/06\/OIARTZOKO-HEZKUNTZA-PROIEKTUA.pdf\" class='avia_image '  target=\"_blank\"  rel=\"noopener noreferrer\" aria-label='deskargatu'><img decoding=\"async\" fetchpriority=\"high\" class='wp-image-626 avia-img-lazy-loading-not-626 avia_image ' src=\"https:\/\/www.oiartzoikastola.eus\/wp-content\/uploads\/2016\/06\/deskargatu-2.png\" alt='' title='deskargatu'  height=\"150\" width=\"150\"  itemprop=\"thumbnailUrl\" srcset=\"https:\/\/www.oiartzoikastola.eus\/wp-content\/uploads\/2016\/06\/deskargatu-2.png 150w, https:\/\/www.oiartzoikastola.eus\/wp-content\/uploads\/2016\/06\/deskargatu-2-80x80.png 80w, https:\/\/www.oiartzoikastola.eus\/wp-content\/uploads\/2016\/06\/deskargatu-2-36x36.png 36w, https:\/\/www.oiartzoikastola.eus\/wp-content\/uploads\/2016\/06\/deskargatu-2-120x120.png 120w\" sizes=\"(max-width: 150px) 100vw, 150px\" \/><\/a><\/div><\/div><\/div><\/p><\/div><\/p>\n","protected":false},"excerpt":{"rendered":"","protected":false},"author":2,"featured_media":0,"parent":774,"menu_order":0,"comment_status":"closed","ping_status":"closed","template":"","meta":{"_acf_changed":false,"footnotes":""},"class_list":["post-704","page","type-page","status-publish","hentry"],"acf":[],"_links":{"self":[{"href":"https:\/\/www.oiartzoikastola.eus\/es\/wp-json\/wp\/v2\/pages\/704","targetHints":{"allow":["GET"]}}],"collection":[{"href":"https:\/\/www.oiartzoikastola.eus\/es\/wp-json\/wp\/v2\/pages"}],"about":[{"href":"https:\/\/www.oiartzoikastola.eus\/es\/wp-json\/wp\/v2\/types\/page"}],"author":[{"embeddable":true,"href":"https:\/\/www.oiartzoikastola.eus\/es\/wp-json\/wp\/v2\/users\/2"}],"replies":[{"embeddable":true,"href":"https:\/\/www.oiartzoikastola.eus\/es\/wp-json\/wp\/v2\/comments?post=704"}],"version-history":[{"count":6,"href":"https:\/\/www.oiartzoikastola.eus\/es\/wp-json\/wp\/v2\/pages\/704\/revisions"}],"predecessor-version":[{"id":5769,"href":"https:\/\/www.oiartzoikastola.eus\/es\/wp-json\/wp\/v2\/pages\/704\/revisions\/5769"}],"up":[{"embeddable":true,"href":"https:\/\/www.oiartzoikastola.eus\/es\/wp-json\/wp\/v2\/pages\/774"}],"wp:attachment":[{"href":"https:\/\/www.oiartzoikastola.eus\/es\/wp-json\/wp\/v2\/media?parent=704"}],"curies":[{"name":"wp","href":"https:\/\/api.w.org\/{rel}","templated":true}]}}