{"id":706,"date":"2016-12-28T14:16:48","date_gmt":"2016-12-28T13:16:48","guid":{"rendered":"http:\/\/www.oiartzoikastola.eus\/ikasketak\/"},"modified":"2025-07-03T12:41:24","modified_gmt":"2025-07-03T10:41:24","slug":"estudios","status":"publish","type":"page","link":"https:\/\/www.oiartzoikastola.eus\/es\/hezkuntza\/estudios\/","title":{"rendered":"Estudios"},"content":{"rendered":"<div class='flex_column_table av-av_two_third-169e5a607a277699ae4d12b1f6626805 sc-av_two_third av-equal-height-column-flextable'>\n<style type=\"text\/css\" data-created_by=\"avia_inline_auto\" id=\"style-css-av-av_two_third-169e5a607a277699ae4d12b1f6626805\">\n.flex_column.av-av_two_third-169e5a607a277699ae4d12b1f6626805{\nborder-radius:0px 0px 0px 0px;\npadding:0px 0px 0px 0px;\n}\n<\/style>\n<div  class='flex_column av-av_two_third-169e5a607a277699ae4d12b1f6626805 av_two_third  avia-builder-el-0  el_before_av_one_third  avia-builder-el-first  first flex_column_table_cell av-equal-height-column av-align-middle av-zero-column-padding  '     ><section  class='av_textblock_section av-av_textblock-396ddf1f42196ca838231e61a4602801 '   itemscope=\"itemscope\" itemtype=\"https:\/\/schema.org\/CreativeWork\" ><div class='avia_textblock'  itemprop=\"text\" ><h2>Estudios<\/h2>\n<\/div><\/section><br \/>\n<section  class='av_textblock_section av-lyr1sshd-639e62850a28c800f049af86311cdee7 '   itemscope=\"itemscope\" itemtype=\"https:\/\/schema.org\/CreativeWork\" ><div class='avia_textblock'  itemprop=\"text\" ><p>En Oiartzo, dado que es una Ikastola de bachillerato, \u00fanicamente se imparten los dos cursos de bachillerato. Durante esos dos a\u00f1os la Ikastola hace de puente entre la etapa de DBH y los estudios que vienen a continuaci\u00f3n (la Universidad o la Formaci\u00f3n Profesional de Grado Superior).<\/p>\n<p>Son a\u00f1os muy importantes, en los que los y las estudiantes deben decidir aspectos fundamentales de su futuro. Por ello, en Oiartzo nos esforzamos en dotar a la o el estudiante de una preparaci\u00f3n s\u00f3lida para su desarrollo equilibrado como persona y su futura incorporaci\u00f3n al mundo laboral.<\/p>\n<p>A continuaci\u00f3n, las asignaturas que se pueden cursar en Oiartzo Oiartzo. Informaci\u00f3n m\u00e1s detallada, en el PDF.<\/p>\n<\/div><\/section><\/p><\/div>\n<div class='av-flex-placeholder'><\/div>\n<style type=\"text\/css\" data-created_by=\"avia_inline_auto\" id=\"style-css-av-av_one_third-0aa7055fe62c3622faec82866afbaeb2\">\n.flex_column.av-av_one_third-0aa7055fe62c3622faec82866afbaeb2{\nborder-radius:0px 0px 0px 0px;\npadding:0px 0px 0px 0px;\n}\n<\/style>\n<div  class='flex_column av-av_one_third-0aa7055fe62c3622faec82866afbaeb2 av_one_third  avia-builder-el-3  el_after_av_two_third  el_before_av_one_half  flex_column_table_cell av-equal-height-column av-align-middle av-zero-column-padding  '     ><style type=\"text\/css\" data-created_by=\"avia_inline_auto\" id=\"style-css-av-av_image-ceced394463342be91e9b5391acb1ec7\">\n.avia-image-container.av-av_image-ceced394463342be91e9b5391acb1ec7 img.avia_image{\nbox-shadow:none;\n}\n.avia-image-container.av-av_image-ceced394463342be91e9b5391acb1ec7 .av-image-caption-overlay-center{\ncolor:#ffffff;\n}\n<\/style>\n<div  class='avia-image-container av-av_image-ceced394463342be91e9b5391acb1ec7 av-styling-circle av-img-linked avia-align-center  avia-builder-el-4  avia-builder-el-no-sibling '   itemprop=\"image\" itemscope=\"itemscope\" itemtype=\"https:\/\/schema.org\/ImageObject\" ><div class=\"avia-image-container-inner\"><div class=\"avia-image-overlay-wrap\"><a href=\"http:\/\/www.oiartzoikastola.eus\/wp-content\/uploads\/2017\/03\/Ikasketak.pdf\" class='avia_image '  target=\"_blank\"  rel=\"noopener noreferrer\" aria-label='deskargatu'><img decoding=\"async\" fetchpriority=\"high\" class='wp-image-626 avia-img-lazy-loading-not-626 avia_image ' src=\"https:\/\/www.oiartzoikastola.eus\/wp-content\/uploads\/2016\/06\/deskargatu-2.png\" alt='' title='deskargatu'  height=\"150\" width=\"150\"  itemprop=\"thumbnailUrl\" srcset=\"https:\/\/www.oiartzoikastola.eus\/wp-content\/uploads\/2016\/06\/deskargatu-2.png 150w, https:\/\/www.oiartzoikastola.eus\/wp-content\/uploads\/2016\/06\/deskargatu-2-80x80.png 80w, https:\/\/www.oiartzoikastola.eus\/wp-content\/uploads\/2016\/06\/deskargatu-2-36x36.png 36w, https:\/\/www.oiartzoikastola.eus\/wp-content\/uploads\/2016\/06\/deskargatu-2-120x120.png 120w\" sizes=\"(max-width: 150px) 100vw, 150px\" \/><\/a><\/div><\/div><\/div><\/div><\/div><!--close column table wrapper. Autoclose: 1 -->\n\n<style type=\"text\/css\" data-created_by=\"avia_inline_auto\" id=\"style-css-av-av_one_half-6126cab7d8fab8d08143dd2dacdf673c\">\n.flex_column.av-av_one_half-6126cab7d8fab8d08143dd2dacdf673c{\nborder-radius:0px 0px 0px 0px;\npadding:0px 0px 0px 0px;\n}\n<\/style>\n<div  class='flex_column av-av_one_half-6126cab7d8fab8d08143dd2dacdf673c av_one_half  avia-builder-el-5  el_after_av_one_third  el_before_av_one_half  first flex_column_div av-zero-column-padding  column-top-margin'     ><section  class='av_textblock_section av-av_textblock-396ddf1f42196ca838231e61a4602801 '   itemscope=\"itemscope\" itemtype=\"https:\/\/schema.org\/CreativeWork\" ><div class='avia_textblock'  itemprop=\"text\" ><h3>ASIGNATURAS DE 1\u00ba<\/h3>\n<\/div><\/section><br \/>\n\n<style type=\"text\/css\" data-created_by=\"avia_inline_auto\" id=\"style-css-av-av_hr-616cd310f4c6bf63bbd1f033802c1165\">\n#top .hr.hr-invisible.av-av_hr-616cd310f4c6bf63bbd1f033802c1165{\nheight:20px;\n}\n<\/style>\n<div  class='hr av-av_hr-616cd310f4c6bf63bbd1f033802c1165 hr-invisible  avia-builder-el-7  el_after_av_textblock  el_before_av_textblock '><span class='hr-inner '><span class=\"hr-inner-style\"><\/span><\/span><\/div><br \/>\n<section  class='av_textblock_section av-lyr244y7-74f20bd46ed8de26746710aa59e1b5e7 '   itemscope=\"itemscope\" itemtype=\"https:\/\/schema.org\/CreativeWork\" ><div class='avia_textblock'  itemprop=\"text\" ><table>\n<tbody>\n<tr>\n<td width=\"253\"><strong>BACHILLERATO DE CIENCIAS<\/strong><\/td>\n<td colspan=\"2\" width=\"340\"><strong>BACHILLERATO DE HUMANIDADES Y CIENCIAS SOCIALES<\/strong><\/td>\n<td width=\"340\"><strong>BACHILLERATO GENERAL<\/strong><\/td>\n<\/tr>\n<tr>\n<td colspan=\"4\" width=\"593\"><strong>COMUNES<\/strong><\/td>\n<\/tr>\n<tr>\n<td colspan=\"4\" width=\"593\">\n<ul>\n<li>Lengua Castellana y Literatura I<\/li>\n<li>Lengua Vasca y Literatura I<\/li>\n<li>Ingl\u00e9s I<\/li>\n<li>Filosof\u00eda<\/li>\n<li>Educaci\u00f3n F\u00edsica<\/li>\n<li>Tutor\u00eda<\/li>\n<\/ul>\n<\/td>\n<\/tr>\n<tr>\n<td width=\"253\"><strong>Ciencias<\/strong><\/td>\n<td width=\"170\"><strong>Humanidades<\/strong><\/td>\n<td width=\"170\"><b>Ciencias Sociales<\/b><\/td>\n<td width=\"170\"><b>General<\/b><\/td>\n<\/tr>\n<tr>\n<td width=\"253\">Matem\u00e1ticas I<\/td>\n<td width=\"170\">Lat\u00edn I<\/td>\n<td width=\"170\">Matem\u00e1ticas CCSS I<\/td>\n<td width=\"170\">Matem\u00e1ticas Generales<\/td>\n<\/tr>\n<tr>\n<td colspan=\"4\" width=\"593\"><strong>DE MODALIDAD<\/strong><\/td>\n<\/tr>\n<tr>\n<td width=\"253\">\n<ul>\n<li>F\u00edsica y Qu\u00edmica<\/li>\n<li>Biolog\u00eda y Geolog\u00eda<\/li>\n<li>Dibujo T\u00e9cnico I<\/li>\n<\/ul>\n<\/td>\n<td colspan=\"2\" width=\"340\">\n<ul>\n<li>Historia del Mundo Contempor\u00e1neo<\/li>\n<li>Econom\u00eda<\/li>\n<li>Literatura<\/li>\n<\/ul>\n<\/td>\n<td width=\"253\">\n<ul>\n<li>Econom\u00eda, emprendizaje y actividad empresarial<\/li>\n<\/ul>\n<\/td>\n<\/tr>\n<tr>\n<td colspan=\"4\" width=\"593\"><strong>OPTATIVAS<\/strong><\/td>\n<\/tr>\n<tr>\n<td colspan=\"4\" width=\"593\">\n<ul>\n<li>Cultura Cient\u00edfica<\/li>\n<li>Anatom\u00eda Aplicada<\/li>\n<li>TIC I<\/li>\n<li>Franc\u00e9s I<\/li>\n<li>Tecnolog\u00eda e ingenier\u00eda I<\/li>\n<li>Comunicaci\u00f3n Oral y Escrita<\/li>\n<li>T\u00e9cnicas de Laboratorio<\/li>\n<\/ul>\n<\/td>\n<\/tr>\n<\/tbody>\n<\/table>\n<\/div><\/section><\/p><\/div>\n<style type=\"text\/css\" data-created_by=\"avia_inline_auto\" id=\"style-css-av-av_one_half-0aa7055fe62c3622faec82866afbaeb2\">\n.flex_column.av-av_one_half-0aa7055fe62c3622faec82866afbaeb2{\nborder-radius:0px 0px 0px 0px;\npadding:0px 0px 0px 0px;\n}\n<\/style>\n<div  class='flex_column av-av_one_half-0aa7055fe62c3622faec82866afbaeb2 av_one_half  avia-builder-el-9  el_after_av_one_half  avia-builder-el-last  flex_column_div av-zero-column-padding  column-top-margin'     ><section  class='av_textblock_section av-av_textblock-396ddf1f42196ca838231e61a4602801 '   itemscope=\"itemscope\" itemtype=\"https:\/\/schema.org\/CreativeWork\" ><div class='avia_textblock'  itemprop=\"text\" ><h3>ASIGNATURAS DE 2\u00ba<\/h3>\n<\/div><\/section><br \/>\n\n<style type=\"text\/css\" data-created_by=\"avia_inline_auto\" id=\"style-css-av-av_hr-616cd310f4c6bf63bbd1f033802c1165\">\n#top .hr.hr-invisible.av-av_hr-616cd310f4c6bf63bbd1f033802c1165{\nheight:20px;\n}\n<\/style>\n<div  class='hr av-av_hr-616cd310f4c6bf63bbd1f033802c1165 hr-invisible  avia-builder-el-11  el_after_av_textblock  el_before_av_textblock '><span class='hr-inner '><span class=\"hr-inner-style\"><\/span><\/span><\/div><br \/>\n<section  class='av_textblock_section av-lyr2bypr-91016af48c31e2d52c5fefb4bb286b47 '   itemscope=\"itemscope\" itemtype=\"https:\/\/schema.org\/CreativeWork\" ><div class='avia_textblock'  itemprop=\"text\" ><table>\n<tbody>\n<tr>\n<td width=\"253\"><strong>BACHILLERATO DE CIENCIAS<\/strong><\/td>\n<td colspan=\"2\" width=\"340\"><strong>BACHILLERATO DE HUMANIDADES Y CIENCIAS SOCIALES<\/strong><\/td>\n<td width=\"340\"><strong>BACHILLERATO GENERAL<\/strong><\/td>\n<\/tr>\n<tr>\n<td colspan=\"4\" width=\"593\"><strong>COMUNES<\/strong><\/td>\n<\/tr>\n<tr>\n<td colspan=\"4\" width=\"593\">\n<ul>\n<li>Lengua Castellana y Literatura II<\/li>\n<li>Lengua Vasca y Literatura II<\/li>\n<li style=\"font-style: inherit; font-weight: inherit;\">Ingl\u00e9s<span style=\"font-family: inherit; font-size: inherit;\">\u00a0II<\/span><\/li>\n<li>Historia de la filosof\u00eda<\/li>\n<li>Tutor\u00eda<\/li>\n<\/ul>\n<\/td>\n<\/tr>\n<tr>\n<td width=\"253\"><strong>Ciencias<\/strong><\/td>\n<td width=\"170\"><strong>Humanidades<\/strong><\/td>\n<td width=\"170\"><strong>Ciencias Sociales<\/strong><\/td>\n<td width=\"170\"><strong>General<\/strong><\/td>\n<\/tr>\n<tr>\n<td width=\"253\">Matem\u00e1ticas II \/ Matem\u00e1ticas CCSS II<\/td>\n<td width=\"170\">Lat\u00edn II<\/td>\n<td width=\"170\">Matem\u00e1ticas CCSS II<\/td>\n<td width=\"170\">Ciencias Generales<\/td>\n<\/tr>\n<tr>\n<td colspan=\"4\" width=\"593\"><strong>DE MODALIDAD<\/strong><\/td>\n<\/tr>\n<tr>\n<td width=\"253\">\n<ul>\n<li>F\u00edsica<\/li>\n<li>Qu\u00edmica<\/li>\n<li>Biolog\u00eda<\/li>\n<li>Dibujo T\u00e9cnico II<\/li>\n<\/ul>\n<\/td>\n<td colspan=\"2\" width=\"340\">\n<ul>\n<li>Econom\u00eda de la Empresa<\/li>\n<li>Geograf\u00eda<\/li>\n<li>Historia del Arte<\/li>\n<\/ul>\n<\/td>\n<td width=\"340\">\n<ul>\n<li>Movimientos Culturales y Art\u00edsticos<\/li>\n<\/ul>\n<\/td>\n<\/tr>\n<tr>\n<td colspan=\"4\" width=\"593\"><strong>OPTATIVAS<\/strong><\/td>\n<\/tr>\n<tr>\n<td colspan=\"4\" width=\"593\">\n<ul>\n<li>TIC II<\/li>\n<li>Franc\u00e9s II<\/li>\n<li>Tecnolog\u00eda e ingenier\u00eda II<\/li>\n<li>T\u00e9cnicas de Expresi\u00f3n Gr\u00e1fico-Pl\u00e1stica<\/li>\n<li>Ciencias de la Tierra y del Medio Ambiente<\/li>\n<li>Fundamentos de Administraci\u00f3n y Gesti\u00f3n<\/li>\n<\/ul>\n<\/td>\n<\/tr>\n<\/tbody>\n<\/table>\n<\/div><\/section><\/p><\/div><\/p>\n","protected":false},"excerpt":{"rendered":"","protected":false},"author":2,"featured_media":0,"parent":774,"menu_order":1,"comment_status":"closed","ping_status":"closed","template":"","meta":{"_acf_changed":false,"footnotes":""},"class_list":["post-706","page","type-page","status-publish","hentry"],"acf":[],"_links":{"self":[{"href":"https:\/\/www.oiartzoikastola.eus\/es\/wp-json\/wp\/v2\/pages\/706","targetHints":{"allow":["GET"]}}],"collection":[{"href":"https:\/\/www.oiartzoikastola.eus\/es\/wp-json\/wp\/v2\/pages"}],"about":[{"href":"https:\/\/www.oiartzoikastola.eus\/es\/wp-json\/wp\/v2\/types\/page"}],"author":[{"embeddable":true,"href":"https:\/\/www.oiartzoikastola.eus\/es\/wp-json\/wp\/v2\/users\/2"}],"replies":[{"embeddable":true,"href":"https:\/\/www.oiartzoikastola.eus\/es\/wp-json\/wp\/v2\/comments?post=706"}],"version-history":[{"count":14,"href":"https:\/\/www.oiartzoikastola.eus\/es\/wp-json\/wp\/v2\/pages\/706\/revisions"}],"predecessor-version":[{"id":6856,"href":"https:\/\/www.oiartzoikastola.eus\/es\/wp-json\/wp\/v2\/pages\/706\/revisions\/6856"}],"up":[{"embeddable":true,"href":"https:\/\/www.oiartzoikastola.eus\/es\/wp-json\/wp\/v2\/pages\/774"}],"wp:attachment":[{"href":"https:\/\/www.oiartzoikastola.eus\/es\/wp-json\/wp\/v2\/media?parent=706"}],"curies":[{"name":"wp","href":"https:\/\/api.w.org\/{rel}","templated":true}]}}