{"id":711,"date":"2016-06-27T14:36:46","date_gmt":"2016-06-27T12:36:46","guid":{"rendered":"http:\/\/www.oiartzoikastola.eus\/ikastolako-arautegia\/"},"modified":"2024-12-16T16:09:55","modified_gmt":"2024-12-16T15:09:55","slug":"normas-de-la-ikastola","status":"publish","type":"page","link":"https:\/\/www.oiartzoikastola.eus\/es\/hezkuntza\/normas-de-la-ikastola\/","title":{"rendered":"Normativa de la Ikastola"},"content":{"rendered":"\n<style type=\"text\/css\" data-created_by=\"avia_inline_auto\" id=\"style-css-av-av_four_fifth-6126cab7d8fab8d08143dd2dacdf673c\">\n.flex_column.av-av_four_fifth-6126cab7d8fab8d08143dd2dacdf673c{\nborder-radius:0px 0px 0px 0px;\npadding:0px 0px 0px 0px;\n}\n<\/style>\n<div  class='flex_column av-av_four_fifth-6126cab7d8fab8d08143dd2dacdf673c av_four_fifth  avia-builder-el-0  el_before_av_one_fifth  avia-builder-el-first  first flex_column_div av-zero-column-padding  '     ><section  class='av_textblock_section av-lyprf1mo-12b344eb5ebbc4eb0724d57b8ef8edd8 '   itemscope=\"itemscope\" itemtype=\"https:\/\/schema.org\/CreativeWork\" ><div class='avia_textblock'  itemprop=\"text\" ><h2>Normativa de la Ikastola<\/h2>\n<\/div><\/section><br \/>\n<section  class='av_textblock_section av-m4r6406r-26db71aaf9da498ab6bfc8b2faf5bcfd '   itemscope=\"itemscope\" itemtype=\"https:\/\/schema.org\/CreativeWork\" ><div class='avia_textblock'  itemprop=\"text\" ><p>El <strong>reglamento de r\u00e9gimen interno<\/strong> es una herramienta fundamental para garantizar la convivencia en Oiartzo. De car\u00e1cter educativo, su funci\u00f3n es promover los valores humanos.<\/p>\n<p>La<strong> normativa<\/strong> est\u00e1 orientada a respetar y hacer cumplir los derechos y deberes de cada estudiante, aceptando y respetando los derechos y deberes de los dem\u00e1s.<\/p>\n<p>La \u00faltima actualizaci\u00f3n se aprob\u00f3 en el Consejo Escolar en abril de 2024.<\/p>\n<\/div><\/section><\/p><\/div>\n<style type=\"text\/css\" data-created_by=\"avia_inline_auto\" id=\"style-css-av-av_one_fifth-0aa7055fe62c3622faec82866afbaeb2\">\n.flex_column.av-av_one_fifth-0aa7055fe62c3622faec82866afbaeb2{\nborder-radius:0px 0px 0px 0px;\npadding:0px 0px 0px 0px;\n}\n<\/style>\n<div  class='flex_column av-av_one_fifth-0aa7055fe62c3622faec82866afbaeb2 av_one_fifth  avia-builder-el-3  el_after_av_four_fifth  avia-builder-el-last  flex_column_div av-zero-column-padding  '     ><p>\n<style type=\"text\/css\" data-created_by=\"avia_inline_auto\" id=\"style-css-av-av_hr-a6de236e6c183bbbd700292deacd2b52\">\n#top .hr.hr-invisible.av-av_hr-a6de236e6c183bbbd700292deacd2b52{\nheight:20px;\n}\n<\/style>\n<div  class='hr av-av_hr-a6de236e6c183bbbd700292deacd2b52 hr-invisible  avia-builder-el-4  el_before_av_image  avia-builder-el-first '><span class='hr-inner '><span class=\"hr-inner-style\"><\/span><\/span><\/div><br \/>\n\n<style type=\"text\/css\" data-created_by=\"avia_inline_auto\" id=\"style-css-av-ktmm0bky-31265ef2eb532ed1d496e2154b667709\">\n.avia-image-container.av-ktmm0bky-31265ef2eb532ed1d496e2154b667709 img.avia_image{\nbox-shadow:none;\n}\n.avia-image-container.av-ktmm0bky-31265ef2eb532ed1d496e2154b667709 .av-image-caption-overlay-center{\ncolor:#ffffff;\n}\n<\/style>\n<div  class='avia-image-container av-ktmm0bky-31265ef2eb532ed1d496e2154b667709 av-styling-circle av-img-linked avia-align-center  avia-builder-el-5  el_after_av_hr  avia-builder-el-last '   itemprop=\"image\" itemscope=\"itemscope\" itemtype=\"https:\/\/schema.org\/ImageObject\" ><div class=\"avia-image-container-inner\"><div class=\"avia-image-overlay-wrap\"><a href=\"https:\/\/www.oiartzoikastola.eus\/wp-content\/uploads\/2024\/12\/Oiartzo-batxilergo-ikastola-barne-araudia.pdf\" class='avia_image '  target=\"_blank\"  rel=\"noopener noreferrer\" aria-label='deskargatu'><img decoding=\"async\" fetchpriority=\"high\" class='wp-image-626 avia-img-lazy-loading-not-626 avia_image ' src=\"https:\/\/www.oiartzoikastola.eus\/wp-content\/uploads\/2016\/06\/deskargatu-2.png\" alt='' title='deskargatu'  height=\"150\" width=\"150\"  itemprop=\"thumbnailUrl\" srcset=\"https:\/\/www.oiartzoikastola.eus\/wp-content\/uploads\/2016\/06\/deskargatu-2.png 150w, https:\/\/www.oiartzoikastola.eus\/wp-content\/uploads\/2016\/06\/deskargatu-2-80x80.png 80w, https:\/\/www.oiartzoikastola.eus\/wp-content\/uploads\/2016\/06\/deskargatu-2-36x36.png 36w, https:\/\/www.oiartzoikastola.eus\/wp-content\/uploads\/2016\/06\/deskargatu-2-120x120.png 120w\" sizes=\"(max-width: 150px) 100vw, 150px\" \/><\/a><\/div><\/div><\/div><\/p><\/div><\/p>\n","protected":false},"excerpt":{"rendered":"","protected":false},"author":2,"featured_media":0,"parent":774,"menu_order":2,"comment_status":"closed","ping_status":"closed","template":"","meta":{"_acf_changed":false,"footnotes":""},"class_list":["post-711","page","type-page","status-publish","hentry"],"acf":[],"_links":{"self":[{"href":"https:\/\/www.oiartzoikastola.eus\/es\/wp-json\/wp\/v2\/pages\/711","targetHints":{"allow":["GET"]}}],"collection":[{"href":"https:\/\/www.oiartzoikastola.eus\/es\/wp-json\/wp\/v2\/pages"}],"about":[{"href":"https:\/\/www.oiartzoikastola.eus\/es\/wp-json\/wp\/v2\/types\/page"}],"author":[{"embeddable":true,"href":"https:\/\/www.oiartzoikastola.eus\/es\/wp-json\/wp\/v2\/users\/2"}],"replies":[{"embeddable":true,"href":"https:\/\/www.oiartzoikastola.eus\/es\/wp-json\/wp\/v2\/comments?post=711"}],"version-history":[{"count":15,"href":"https:\/\/www.oiartzoikastola.eus\/es\/wp-json\/wp\/v2\/pages\/711\/revisions"}],"predecessor-version":[{"id":6173,"href":"https:\/\/www.oiartzoikastola.eus\/es\/wp-json\/wp\/v2\/pages\/711\/revisions\/6173"}],"up":[{"embeddable":true,"href":"https:\/\/www.oiartzoikastola.eus\/es\/wp-json\/wp\/v2\/pages\/774"}],"wp:attachment":[{"href":"https:\/\/www.oiartzoikastola.eus\/es\/wp-json\/wp\/v2\/media?parent=711"}],"curies":[{"name":"wp","href":"https:\/\/api.w.org\/{rel}","templated":true}]}}