{"id":719,"date":"2016-06-27T14:38:28","date_gmt":"2016-06-27T12:38:28","guid":{"rendered":"http:\/\/www.oiartzoikastola.eus\/testu-liburuak\/"},"modified":"2025-07-04T12:37:30","modified_gmt":"2025-07-04T10:37:30","slug":"libros-de-texto","status":"publish","type":"page","link":"https:\/\/www.oiartzoikastola.eus\/es\/hezkuntza\/libros-de-texto\/","title":{"rendered":"Libros de texto"},"content":{"rendered":"<section  class='av_textblock_section av-1ihzb3-62fbbfd7e1d89fc30a6b39624be8cd97 '   itemscope=\"itemscope\" itemtype=\"https:\/\/schema.org\/CreativeWork\" ><div class='avia_textblock'  itemprop=\"text\" ><h2>Libros de texto<\/h2>\n<\/div><\/section>\n<section  class='av_textblock_section av-1g8bhr-39ae164ba0730f12bb887a447c6d8a85 '   itemscope=\"itemscope\" itemtype=\"https:\/\/schema.org\/CreativeWork\" ><div class='avia_textblock'  itemprop=\"text\" ><p>He aqu\u00ed los listados de los libros de texto para el curso <strong>2025-26<\/strong>. En muchas asignaturas utilizamos material propio, por lo tanto, si ech\u00e1is en falta alguna asignatura en los listados ser\u00e1 porque no se necesitan libros.<\/p>\n<p>Una de las opciones para comprar los libros de texto es hacerlo <strong>online en la tienda Elkar<\/strong>. Elkar tiene un sitio exclusivo para los libros de Oiartzo.\u00a0 Mediante este servicio pod\u00e9is comprar los libros de texto desde casa, y se entregar\u00e1n al alumnado en la Ikastola a principio de curso. La tienda online de Oiartzo estar\u00e1 <strong>abierta hasta el 31 de julio.<\/strong><\/p>\n<\/div><\/section>\n\n<style type=\"text\/css\" data-created_by=\"avia_inline_auto\" id=\"style-css-av-szuu7-d28e6429b0af8cbc3de684ae617f09d5\">\n.flex_column.av-szuu7-d28e6429b0af8cbc3de684ae617f09d5{\nborder-radius:0px 0px 0px 0px;\npadding:0px 0px 0px 0px;\n}\n<\/style>\n<div  class='flex_column av-szuu7-d28e6429b0af8cbc3de684ae617f09d5 av_one_half  avia-builder-el-2  el_after_av_textblock  el_before_av_one_half  first flex_column_div av-zero-column-padding  column-top-margin'     ><article  class='iconbox iconbox_top av-jlgqn-b6e2b6c4e838dbebcf9ada8d994c32b7  avia-builder-el-3  avia-builder-el-no-sibling  main_color'  itemscope=\"itemscope\" itemtype=\"https:\/\/schema.org\/CreativeWork\" ><div class=\"iconbox_content\"><header class=\"entry-content-header\" aria-label=\"Icon: LIBROS DE TEXTO 2025-26\"><a href='https:\/\/www.oiartzoikastola.eus\/wp-content\/uploads\/2025\/07\/Oiartzo-Ikastola-liburuak-25-26_1-maila.pdf' title='LIBROS DE TEXTO 2025-26' aria-label='LIBROS DE TEXTO 2025-26'  class='iconbox_icon heading-color avia-iconfont avia-font-entypo-fontello' data-av_icon='\ue84f' data-av_iconfont='entypo-fontello' title=\"LIBROS DE TEXTO 2025-26\" desc=\"LIBROS DE TEXTO 2025-26\" ><\/a><h3 class='iconbox_content_title '  itemprop=\"headline\" ><a href='https:\/\/www.oiartzoikastola.eus\/wp-content\/uploads\/2025\/07\/Oiartzo-Ikastola-liburuak-25-26_1-maila.pdf' title='LIBROS DE TEXTO 2025-26' >LIBROS DE TEXTO 2025-26<\/a><\/h3><\/header><div class='iconbox_content_container '  itemprop=\"text\" ><p><strong>1\u00ba curso<\/strong><\/p>\n<\/div><\/div><footer class=\"entry-footer\"><\/footer><\/article><\/div>\n<style type=\"text\/css\" data-created_by=\"avia_inline_auto\" id=\"style-css-av-ctc5r-ec69c897edbb7ec058780ae019cb7243\">\n.flex_column.av-ctc5r-ec69c897edbb7ec058780ae019cb7243{\nborder-radius:0px 0px 0px 0px;\npadding:0px 0px 0px 0px;\n}\n<\/style>\n<div  class='flex_column av-ctc5r-ec69c897edbb7ec058780ae019cb7243 av_one_half  avia-builder-el-4  el_after_av_one_half  el_before_av_hr  flex_column_div av-zero-column-padding  column-top-margin'     ><article  class='iconbox iconbox_top av-84xnr-eeb6800d727bb7d0fd7d87689bfc78c6  avia-builder-el-5  avia-builder-el-no-sibling  main_color'  itemscope=\"itemscope\" itemtype=\"https:\/\/schema.org\/CreativeWork\" ><div class=\"iconbox_content\"><header class=\"entry-content-header\" aria-label=\"Icon: LIBROS DE TEXTO 2025-26\"><a href='https:\/\/www.oiartzoikastola.eus\/wp-content\/uploads\/2025\/07\/Oiartzo-Ikastola-liburuak-25-26_2-maila.pdf' title='LIBROS DE TEXTO 2025-26' aria-label='LIBROS DE TEXTO 2025-26'  class='iconbox_icon heading-color avia-iconfont avia-font-entypo-fontello' data-av_icon='\ue84f' data-av_iconfont='entypo-fontello' title=\"LIBROS DE TEXTO 2025-26\" desc=\"LIBROS DE TEXTO 2025-26\" ><\/a><h3 class='iconbox_content_title '  itemprop=\"headline\" ><a href='https:\/\/www.oiartzoikastola.eus\/wp-content\/uploads\/2025\/07\/Oiartzo-Ikastola-liburuak-25-26_2-maila.pdf' title='LIBROS DE TEXTO 2025-26' >LIBROS DE TEXTO 2025-26<\/a><\/h3><\/header><div class='iconbox_content_container '  itemprop=\"text\" ><p><strong>2\u00ba curso<\/strong><\/p>\n<\/div><\/div><footer class=\"entry-footer\"><\/footer><\/article><\/div>\n<style type=\"text\/css\" data-created_by=\"avia_inline_auto\" id=\"style-css-av-152wvj-8c119d589b4fb5b8c812994535b46721\">\n#top .hr.hr-invisible.av-152wvj-8c119d589b4fb5b8c812994535b46721{\nheight:50px;\n}\n<\/style>\n<div  class='hr av-152wvj-8c119d589b4fb5b8c812994535b46721 hr-invisible  avia-builder-el-6  el_after_av_one_half  el_before_av_icon_box '><span class='hr-inner '><span class=\"hr-inner-style\"><\/span><\/span><\/div><\/p>\n<article  class='iconbox iconbox_top av-84xnr-ee7730a9a83472b3e93225e9f0ec4e30  avia-builder-el-7  el_after_av_hr  avia-builder-el-last  main_color'  itemscope=\"itemscope\" itemtype=\"https:\/\/schema.org\/CreativeWork\" ><div class=\"iconbox_content\"><header class=\"entry-content-header\" aria-label=\"Icon: ELKAR ONLINE\"><a href='https:\/\/ikastetxeak.elkar.eus\/oiartzo' title='ELKAR ONLINE' aria-label='ELKAR ONLINE'  target=\"_blank\"  rel=\"noopener noreferrer\" class='iconbox_icon heading-color avia-iconfont avia-font-entypo-fontello' data-av_icon='\ue859' data-av_iconfont='entypo-fontello' title=\"ELKAR ONLINE\" desc=\"ELKAR ONLINE\" ><\/a><h3 class='iconbox_content_title '  itemprop=\"headline\" ><a href='https:\/\/ikastetxeak.elkar.eus\/oiartzo' title='ELKAR ONLINE'  target=\"_blank\"  rel=\"noopener noreferrer\">ELKAR ONLINE<\/a><\/h3><\/header><div class='iconbox_content_container '  itemprop=\"text\" ><p><strong>Comprar los libros desde casa y recogerlos en la Ikastola<\/strong><\/p>\n<\/div><\/div><footer class=\"entry-footer\"><\/footer><\/article>\n","protected":false},"excerpt":{"rendered":"","protected":false},"author":2,"featured_media":0,"parent":774,"menu_order":6,"comment_status":"closed","ping_status":"closed","template":"","meta":{"_acf_changed":false,"footnotes":""},"class_list":["post-719","page","type-page","status-publish","hentry"],"acf":[],"_links":{"self":[{"href":"https:\/\/www.oiartzoikastola.eus\/es\/wp-json\/wp\/v2\/pages\/719","targetHints":{"allow":["GET"]}}],"collection":[{"href":"https:\/\/www.oiartzoikastola.eus\/es\/wp-json\/wp\/v2\/pages"}],"about":[{"href":"https:\/\/www.oiartzoikastola.eus\/es\/wp-json\/wp\/v2\/types\/page"}],"author":[{"embeddable":true,"href":"https:\/\/www.oiartzoikastola.eus\/es\/wp-json\/wp\/v2\/users\/2"}],"replies":[{"embeddable":true,"href":"https:\/\/www.oiartzoikastola.eus\/es\/wp-json\/wp\/v2\/comments?post=719"}],"version-history":[{"count":47,"href":"https:\/\/www.oiartzoikastola.eus\/es\/wp-json\/wp\/v2\/pages\/719\/revisions"}],"predecessor-version":[{"id":6867,"href":"https:\/\/www.oiartzoikastola.eus\/es\/wp-json\/wp\/v2\/pages\/719\/revisions\/6867"}],"up":[{"embeddable":true,"href":"https:\/\/www.oiartzoikastola.eus\/es\/wp-json\/wp\/v2\/pages\/774"}],"wp:attachment":[{"href":"https:\/\/www.oiartzoikastola.eus\/es\/wp-json\/wp\/v2\/media?parent=719"}],"curies":[{"name":"wp","href":"https:\/\/api.w.org\/{rel}","templated":true}]}}