{"id":721,"date":"2016-08-12T12:53:00","date_gmt":"2016-08-12T10:53:00","guid":{"rendered":"http:\/\/www.oiartzoikastola.eus\/orientazioa\/"},"modified":"2025-07-03T11:08:57","modified_gmt":"2025-07-03T09:08:57","slug":"orientacion","status":"publish","type":"page","link":"https:\/\/www.oiartzoikastola.eus\/es\/hezkuntza\/orientacion\/","title":{"rendered":"Orientaci\u00f3n"},"content":{"rendered":"<section  class='av_textblock_section av-av_textblock-396ddf1f42196ca838231e61a4602801 '   itemscope=\"itemscope\" itemtype=\"https:\/\/schema.org\/CreativeWork\" ><div class='avia_textblock'  itemprop=\"text\" ><h2>Orientaci\u00f3n<\/h2>\n<\/div><\/section>\n<section  class='av_textblock_section av-khvvb1j6-577f1e46f448707c4f447104559b1f40 '   itemscope=\"itemscope\" itemtype=\"https:\/\/schema.org\/CreativeWork\" ><div class='avia_textblock'  itemprop=\"text\" ><p>Se lleva a cabo el Plan de Orientaci\u00f3n Anual, distinto para cada nivel\/curso de bachillerato. Se tratan temas concernientes a las decisiones que las y los alumnos habr\u00e1n de tomar al acabar el bachillerato, se comparte informaci\u00f3n y se llevan a cabo distintas actividades fuera del centro. Tambi\u00e9n se insertan en el calendario temas concernientes a la edad y a los estudios de las y los alumnos, con la colaboraci\u00f3n de profesionales externos.<\/p>\n<ul>\n<li><strong>SESIONES GENERALES DE ORIENTACI\u00d3N: <\/strong>se llevan a cabo por aulas, dentro del horario escolar. La orientadora va dando informaci\u00f3n correspondiente a cada momento acad\u00e9mico y aclarando las dudas que surgen. En algunas de las sesiones colaboran las y los tutores y miembros del equipo de direcci\u00f3n.<\/li>\n<\/ul>\n<ul>\n<li><strong>ENTREVISTAS GRUPALES DE ORIENTACI\u00d3N: <\/strong>tras pasarse un cuestionario por Moodle, se organizan grupos de inter\u00e9s. Estos grupos reciben, de la mano de antiguos alumnos y alumnas, informaci\u00f3n acerca de los estudios que pretenden realizar: requisitos, condiciones, dificultades, expectativas\u2026<\/li>\n<\/ul>\n<ul>\n<li><strong>ENTREVISTAS PERSONALES DE ORIENTACI\u00d3N:<\/strong> cada alumno o alumna de 2\u00ba curso tiene asignada una entrevista con la orientadora. Por otra parte, cada alumno o alumna tiene la posibilidad de solicitar una entrevista, si la necesitara, para la cual est\u00e1n a su disposici\u00f3n las hojas de solicitud.<\/li>\n<\/ul>\n<ul>\n<li><strong>CORREO ELECTR\u00d3NICO:<\/strong> es el modo m\u00e1s directo de contactar con la orientadora: <a href=\"mailto:agaztelumendi@oiartzoikastola.eus\">agaztelumendi@oiartzoikastola.eus<\/a> . Tambi\u00e9n se utiliza para hacer llegar al alumnado la plural informaci\u00f3n que llega al centro referente a los estudios posteriores al bachillerato.<\/li>\n<\/ul>\n<ul>\n<li><strong>CUESTIONARIO DE ORIENTACI\u00d3N ON-LINE (dentro de la plataforma Moodle del centro):<\/strong> Se pasan cuestionarios para conocer los intereses de las y los alumnos, para hacer su seguimiento y tambi\u00e9n para apuntarse a distintas actividades, etc.<\/li>\n<\/ul>\n<ul>\n<li><strong>PRESENTACIONES DE ORIENTACI\u00d3N:<\/strong> algunas universidades y centros ofrecen presentaciones acerca de los ciclos y grados que imparten. Algunas de estas presentaciones se realizan dentro del horario escolar en nuestro propio centro, otras se hacen en los centros donde se imparten, y solemos acudir a ellos.<\/li>\n<\/ul>\n<ul>\n<li><strong>SALIDAS DE ORIENTACI\u00d3N: <\/strong>cuando Euskal Herriko Unibertsitatea organiza jornadas de puertas abiertas se organizan salidas a los distintos campus. Estas salidas que promueve la ikastola suelen tener lugar el mes de marzo (suelen ser por la tarde). Solemos acudir a los campus de Araba, Bizkaia y Gipuzkoa con las y los alumnos que previamente se han inscrito para la salida. Salimos desde Oiartzo y regresamos a las paradas de autob\u00fas habituales.<\/li>\n<\/ul>\n<\/div><\/section>\n\n<style type=\"text\/css\" data-created_by=\"avia_inline_auto\" id=\"style-css-av-av_one_half-6126cab7d8fab8d08143dd2dacdf673c\">\n.flex_column.av-av_one_half-6126cab7d8fab8d08143dd2dacdf673c{\nborder-radius:0px 0px 0px 0px;\npadding:0px 0px 0px 0px;\n}\n<\/style>\n<div  class='flex_column av-av_one_half-6126cab7d8fab8d08143dd2dacdf673c av_one_half  avia-builder-el-2  el_after_av_textblock  el_before_av_one_half  first flex_column_div av-zero-column-padding  column-top-margin'     ><article  class='iconbox iconbox_top av-k2dfc9ql-282f640bdf91d021750e76fbf76ea2c4  avia-builder-el-3  avia-builder-el-no-sibling  main_color'  itemscope=\"itemscope\" itemtype=\"https:\/\/schema.org\/CreativeWork\" ><div class=\"iconbox_content\"><header class=\"entry-content-header\" aria-label=\"Icon: 1\u00ba CURSO\"><div class='iconbox_icon heading-color avia-iconfont avia-font-entypo-fontello' data-av_icon='\ue81e' data-av_iconfont='entypo-fontello'  ><\/div><h3 class='iconbox_content_title '  itemprop=\"headline\" >1\u00ba CURSO<\/h3><\/header><div class='iconbox_content_container '  itemprop=\"text\" ><p>PLAN DE ORIENTACI\u00d3N DE 1<sup>er<\/sup> CURSO<\/p>\n<\/div><\/div><footer class=\"entry-footer\"><\/footer><\/article><\/div>\n<style type=\"text\/css\" data-created_by=\"avia_inline_auto\" id=\"style-css-av-av_one_half-0aa7055fe62c3622faec82866afbaeb2\">\n.flex_column.av-av_one_half-0aa7055fe62c3622faec82866afbaeb2{\nborder-radius:0px 0px 0px 0px;\npadding:0px 0px 0px 0px;\n}\n<\/style>\n<div  class='flex_column av-av_one_half-0aa7055fe62c3622faec82866afbaeb2 av_one_half  avia-builder-el-4  el_after_av_one_half  avia-builder-el-last  flex_column_div av-zero-column-padding  column-top-margin'     ><article  class='iconbox iconbox_top av-k2dfchdd-24987ce78746fbbe59574f2666497e6b  avia-builder-el-5  avia-builder-el-no-sibling  main_color'  itemscope=\"itemscope\" itemtype=\"https:\/\/schema.org\/CreativeWork\" ><div class=\"iconbox_content\"><header class=\"entry-content-header\" aria-label=\"Icon: 2\u00ba CURSO\"><div class='iconbox_icon heading-color avia-iconfont avia-font-entypo-fontello' data-av_icon='\ue81e' data-av_iconfont='entypo-fontello'  ><\/div><h3 class='iconbox_content_title '  itemprop=\"headline\" >2\u00ba CURSO<\/h3><\/header><div class='iconbox_content_container '  itemprop=\"text\" ><p>PLAN DE ORIENTACI\u00d3N DE 2\u00ba CURSO<\/p>\n<\/div><\/div><footer class=\"entry-footer\"><\/footer><\/article><\/div><\/p>\n","protected":false},"excerpt":{"rendered":"","protected":false},"author":2,"featured_media":0,"parent":774,"menu_order":7,"comment_status":"closed","ping_status":"closed","template":"","meta":{"_acf_changed":false,"footnotes":""},"class_list":["post-721","page","type-page","status-publish","hentry"],"acf":[],"_links":{"self":[{"href":"https:\/\/www.oiartzoikastola.eus\/es\/wp-json\/wp\/v2\/pages\/721","targetHints":{"allow":["GET"]}}],"collection":[{"href":"https:\/\/www.oiartzoikastola.eus\/es\/wp-json\/wp\/v2\/pages"}],"about":[{"href":"https:\/\/www.oiartzoikastola.eus\/es\/wp-json\/wp\/v2\/types\/page"}],"author":[{"embeddable":true,"href":"https:\/\/www.oiartzoikastola.eus\/es\/wp-json\/wp\/v2\/users\/2"}],"replies":[{"embeddable":true,"href":"https:\/\/www.oiartzoikastola.eus\/es\/wp-json\/wp\/v2\/comments?post=721"}],"version-history":[{"count":20,"href":"https:\/\/www.oiartzoikastola.eus\/es\/wp-json\/wp\/v2\/pages\/721\/revisions"}],"predecessor-version":[{"id":6852,"href":"https:\/\/www.oiartzoikastola.eus\/es\/wp-json\/wp\/v2\/pages\/721\/revisions\/6852"}],"up":[{"embeddable":true,"href":"https:\/\/www.oiartzoikastola.eus\/es\/wp-json\/wp\/v2\/pages\/774"}],"wp:attachment":[{"href":"https:\/\/www.oiartzoikastola.eus\/es\/wp-json\/wp\/v2\/media?parent=721"}],"curies":[{"name":"wp","href":"https:\/\/api.w.org\/{rel}","templated":true}]}}