{"id":728,"date":"2016-06-24T15:09:56","date_gmt":"2016-06-24T13:09:56","guid":{"rendered":"http:\/\/www.oiartzoikastola.eus\/garraioa\/"},"modified":"2024-09-02T13:49:23","modified_gmt":"2024-09-02T11:49:23","slug":"transporte","status":"publish","type":"page","link":"https:\/\/www.oiartzoikastola.eus\/es\/zerbitzuak\/transporte\/","title":{"rendered":"Transporte"},"content":{"rendered":"\n<style type=\"text\/css\" data-created_by=\"avia_inline_auto\" id=\"style-css-av-av_one_full-6126cab7d8fab8d08143dd2dacdf673c\">\n.flex_column.av-av_one_full-6126cab7d8fab8d08143dd2dacdf673c{\nborder-radius:0px 0px 0px 0px;\npadding:0px 0px 0px 0px;\n}\n<\/style>\n<div  class='flex_column av-av_one_full-6126cab7d8fab8d08143dd2dacdf673c av_one_full  avia-builder-el-0  avia-builder-el-no-sibling  first flex_column_div av-zero-column-padding  '     ><section  class='av_textblock_section av-lm4wahdi-b3040e3cbce8b080e69b147ce5caa98f '   itemscope=\"itemscope\" itemtype=\"https:\/\/schema.org\/CreativeWork\" ><div class='avia_textblock'  itemprop=\"text\" ><p>El alumnado dispone, seg\u00fan su lugar de residencia, de <strong>dos alternativas de transporte<\/strong> para acudir a la Ikastola.<\/p>\n<p><strong>L\u00cdNEA URBANA U-33<\/strong><\/p>\n<p>El Ayuntamiento de Orereta-Errenteria reforz\u00f3 la l\u00ednea U-33 para dar servicio al alumnado de la Ikastola. Manteniendo la ruta de dicho autob\u00fas, reforz\u00f3 su servicio con un autob\u00fas m\u00e1s grande y con un horario especial tanto por la ma\u00f1ana (iniciando su recorrido a las 7:15 horas) como al mediod\u00eda (pasando hacia las 14:40 por la rotonda que est\u00e1 al lado de la Ikastola).<\/p>\n<p><strong>SERVICIO PROPIO DE LA IKASTOLA<\/strong><\/p>\n<p>Oiartzo Ikastola ofrece\u00a0 servicio de transporte propio, sobre todo, para quienes no puedan utilizar el servicio urbano. Su horario y recorrido para el curso 2024-25 son:<\/p>\n<ul>\n<li>1\u00ba autob\u00fas: Mendibil (07:10) &gt; Pikabene &gt; London &gt; Liburutegi &gt; Belutene &gt; Altzibar &gt; Oiartzo<\/li>\n<li>2\u00ba autob\u00fas Iturriotz (07:15) &gt; Ibarre &gt; Ugaldetxo &gt; Arragua &gt; Fanderia &gt; Gaztelutxo &gt; Agustinak &gt; Oiartzo<\/li>\n<li>Microb\u00fas: Lezo (07:10) &gt; Telefonika &gt; Instituto &gt; Aralar &gt; Pontika &gt; Oiartzo<\/li>\n<\/ul>\n<\/div><\/section><\/div>\n","protected":false},"excerpt":{"rendered":"","protected":false},"author":2,"featured_media":0,"parent":809,"menu_order":0,"comment_status":"closed","ping_status":"closed","template":"","meta":{"_acf_changed":false,"footnotes":""},"class_list":["post-728","page","type-page","status-publish","hentry"],"acf":[],"_links":{"self":[{"href":"https:\/\/www.oiartzoikastola.eus\/es\/wp-json\/wp\/v2\/pages\/728","targetHints":{"allow":["GET"]}}],"collection":[{"href":"https:\/\/www.oiartzoikastola.eus\/es\/wp-json\/wp\/v2\/pages"}],"about":[{"href":"https:\/\/www.oiartzoikastola.eus\/es\/wp-json\/wp\/v2\/types\/page"}],"author":[{"embeddable":true,"href":"https:\/\/www.oiartzoikastola.eus\/es\/wp-json\/wp\/v2\/users\/2"}],"replies":[{"embeddable":true,"href":"https:\/\/www.oiartzoikastola.eus\/es\/wp-json\/wp\/v2\/comments?post=728"}],"version-history":[{"count":25,"href":"https:\/\/www.oiartzoikastola.eus\/es\/wp-json\/wp\/v2\/pages\/728\/revisions"}],"predecessor-version":[{"id":5863,"href":"https:\/\/www.oiartzoikastola.eus\/es\/wp-json\/wp\/v2\/pages\/728\/revisions\/5863"}],"up":[{"embeddable":true,"href":"https:\/\/www.oiartzoikastola.eus\/es\/wp-json\/wp\/v2\/pages\/809"}],"wp:attachment":[{"href":"https:\/\/www.oiartzoikastola.eus\/es\/wp-json\/wp\/v2\/media?parent=728"}],"curies":[{"name":"wp","href":"https:\/\/api.w.org\/{rel}","templated":true}]}}